{"id":76,"date":"2018-06-07T11:45:53","date_gmt":"2018-06-07T10:45:53","guid":{"rendered":"http:\/\/www.zpm-idrija.si\/?page_id=76"},"modified":"2026-03-27T12:39:09","modified_gmt":"2026-03-27T11:39:09","slug":"prostovoljci","status":"publish","type":"page","link":"https:\/\/www.zpm-idrija.si\/?page_id=76","title":{"rendered":"Prostovoljci"},"content":{"rendered":"<p style=\"margin-bottom: 19.5pt; text-align: left;\"><strong><span style=\"font-size: 11.5pt; font-family: 'Helvetica',sans-serif; color: #333333;\">Dobrodo\u0161li med prostovoljci!<\/span><\/strong><\/p>\n<p style=\"margin-bottom: 19.5pt; font-stretch: normal; orphans: 2; widows: 2; -webkit-text-stroke-width: 0px; text-decoration-style: initial; text-decoration-color: initial; word-spacing: 0px; text-align: left;\"><strong><span style=\"font-size: 11.5pt; font-family: 'Helvetica',sans-serif; color: #333333;\">\u017deli\u0161 postati prostovoljec\/ka Zveze prijateljev mladine Idrija in s prostovoljnim delom razveseljevati otroke na obmo\u010dju ob\u010din Idrija in Cerkno? \u010ce je odgovor ja, te vabimo, da izpolni\u0161 vpra\u0161alnik in ga izpolnjenega po\u0161lje\u0161 na zpmidrija@gmail.com <\/span><\/strong><\/p>\n<p style=\"margin-bottom: 19.5pt; font-stretch: normal; orphans: 2; widows: 2; -webkit-text-stroke-width: 0px; text-decoration-style: initial; text-decoration-color: initial; word-spacing: 0px; text-align: left;\"><strong><span style=\"font-size: 11.5pt; font-family: 'Helvetica',sans-serif; color: #333333;\">\u2757\ud83d\udc49\u00a0<\/span><\/strong><a href=\"https:\/\/www.zpm-idrija.si\/wp-content\/uploads\/2026\/03\/vprasalnik-za-prostovoljce-1.pdf\">Vpra\u0161alnik za prostovoljce <\/a>\ud83d\udc48\u2757<\/p>\n<p style=\"margin-bottom: 19.5pt; font-stretch: normal; orphans: 2; widows: 2; -webkit-text-stroke-width: 0px; text-decoration-style: initial; text-decoration-color: initial; word-spacing: 0px; text-align: left;\">Prostovoljstvo je altruisti\u010dna dejavnost, pri kateri posameznik ali skupina zagotavlja storitve brez finan\u010dnih koristi in je dejavnost, ki krepi medsebojno solidarnost ljudi, spodbuja razvoj \u010dlove\u0161kih zmo\u017enosti in vse\u017eivljenjskega u\u010denja, zagotavlja dru\u017ebeno povezanost in sodelovanje pri re\u0161evanju problemov v dru\u017ebi.<\/p>\n<p style=\"text-align: left;\">Zveza prijateljev mladine Idrija je humanitarna in prostovoljska organizacija, ki se za svoje delovanje mo\u010dno opira na pomo\u010d prostovoljcev, brez katerih izvajanje mnogih programov ne bi bilo mogo\u010de. Trenutno z nami sodeluje kar nekaj ve\u010d kot 30 aktivnih posameznikov, katerih delo je v prvi vrsti zanimivo in zabavno, velikokrat pa tudi naporno in izjemno odgovorno. Kljub vsem izzivom, ki jih delo z najmlaj\u0161imi prina\u0161a, pa prostovoljstvo njihovo \u017eivljenje bogati in nagrajuje.<\/p>\n<blockquote>\n<p><a href=\"https:\/\/www.zpm-idrija.si\/wp-content\/uploads\/2020\/03\/IMG_20190723_101219-768x1024.jpg\"><img loading=\"lazy\" decoding=\"async\" class=\"alignleft wp-image-1667 \" src=\"https:\/\/www.zpm-idrija.si\/wp-content\/uploads\/2020\/03\/IMG_20190723_101219-768x1024-184x300.jpg\" alt=\"\" width=\"236\" height=\"385\" srcset=\"https:\/\/www.zpm-idrija.si\/wp-content\/uploads\/2020\/03\/IMG_20190723_101219-768x1024-184x300.jpg 184w, https:\/\/www.zpm-idrija.si\/wp-content\/uploads\/2020\/03\/IMG_20190723_101219-768x1024.jpg 487w\" sizes=\"auto, (max-width: 236px) 100vw, 236px\" \/><\/a><\/p>\n<p style=\"text-align: left;\"><span style=\"color: #999999;\"><em>&#8220;Kaj je prostovoljstvo? S srcem vlo\u017een trud, za katerega ne dobi\u0161 denarja, pa\u010d pa veliko ve\u010d: iskrene nasmehe otrok, hvale\u017enost star\u0161ev ter priznanje sebi, da dela\u0161 dobro &#8211; da pomaga\u0161 v stiski in v \u017eivljenja drugih ri\u0161e\u0161 nepozabna do\u017eivetja.&#8221;<\/em><\/span><\/p>\n<\/blockquote>\n\n\n<p><\/p>\n\n\n\n<p>Spodaj preverite koledar <strong>planiranih prostovoljskih akcij<\/strong> in se pridru\u017eite prostovoljskim aktivnostim v letu 2026. Veseli bomo va\u0161e pomo\u010di! \ud83d\ude4c<\/p>\n\n\n\n<figure class=\"wp-block-image size-large\"><img loading=\"lazy\" decoding=\"async\" width=\"724\" height=\"1024\" src=\"https:\/\/www.zpm-idrija.si\/wp-content\/uploads\/2026\/03\/Koledar-1-724x1024.png\" alt=\"\" class=\"wp-image-5557\" srcset=\"https:\/\/www.zpm-idrija.si\/wp-content\/uploads\/2026\/03\/Koledar-1-724x1024.png 724w, https:\/\/www.zpm-idrija.si\/wp-content\/uploads\/2026\/03\/Koledar-1-212x300.png 212w, https:\/\/www.zpm-idrija.si\/wp-content\/uploads\/2026\/03\/Koledar-1-768x1086.png 768w, https:\/\/www.zpm-idrija.si\/wp-content\/uploads\/2026\/03\/Koledar-1-1086x1536.png 1086w, https:\/\/www.zpm-idrija.si\/wp-content\/uploads\/2026\/03\/Koledar-1.png 1414w\" sizes=\"auto, (max-width: 724px) 100vw, 724px\" \/><\/figure>\n","protected":false},"excerpt":{"rendered":"<p>Dobrodo\u0161li med prostovoljci! \u017deli\u0161 postati prostovoljec\/ka Zveze prijateljev mladine Idrija in s prostovoljnim delom razveseljevati otroke na obmo\u010dju ob\u010din Idrija in Cerkno? \u010ce je odgovor ja, te vabimo, da izpolni\u0161 vpra\u0161alnik in ga izpolnjenega po\u0161lje\u0161 na zpmidrija@gmail.com \u2757\ud83d\udc49\u00a0Vpra\u0161alnik za prostovoljce \ud83d\udc48\u2757 Prostovoljstvo je altruisti\u010dna dejavnost, pri kateri posameznik ali skupina zagotavlja storitve brez finan\u010dnih koristi &hellip; <\/p>\n<p class=\"link-more\"><a href=\"https:\/\/www.zpm-idrija.si\/?page_id=76\" class=\"more-link\">Preberi ve\u010d<span class=\"screen-reader-text\"> &#8220;Prostovoljci&#8221;<\/span><\/a><\/p>\n","protected":false},"author":1,"featured_media":5569,"parent":0,"menu_order":0,"comment_status":"closed","ping_status":"closed","template":"","meta":{"footnotes":""},"class_list":["post-76","page","type-page","status-publish","has-post-thumbnail","hentry"],"_links":{"self":[{"href":"https:\/\/www.zpm-idrija.si\/index.php?rest_route=\/wp\/v2\/pages\/76","targetHints":{"allow":["GET"]}}],"collection":[{"href":"https:\/\/www.zpm-idrija.si\/index.php?rest_route=\/wp\/v2\/pages"}],"about":[{"href":"https:\/\/www.zpm-idrija.si\/index.php?rest_route=\/wp\/v2\/types\/page"}],"author":[{"embeddable":true,"href":"https:\/\/www.zpm-idrija.si\/index.php?rest_route=\/wp\/v2\/users\/1"}],"replies":[{"embeddable":true,"href":"https:\/\/www.zpm-idrija.si\/index.php?rest_route=%2Fwp%2Fv2%2Fcomments&post=76"}],"version-history":[{"count":13,"href":"https:\/\/www.zpm-idrija.si\/index.php?rest_route=\/wp\/v2\/pages\/76\/revisions"}],"predecessor-version":[{"id":5570,"href":"https:\/\/www.zpm-idrija.si\/index.php?rest_route=\/wp\/v2\/pages\/76\/revisions\/5570"}],"wp:featuredmedia":[{"embeddable":true,"href":"https:\/\/www.zpm-idrija.si\/index.php?rest_route=\/wp\/v2\/media\/5569"}],"wp:attachment":[{"href":"https:\/\/www.zpm-idrija.si\/index.php?rest_route=%2Fwp%2Fv2%2Fmedia&parent=76"}],"curies":[{"name":"wp","href":"https:\/\/api.w.org\/{rel}","templated":true}]}}