{"id":5391,"date":"2026-02-03T13:09:17","date_gmt":"2026-02-03T12:09:17","guid":{"rendered":"https:\/\/www.zpm-idrija.si\/?page_id=5391"},"modified":"2026-02-24T12:59:53","modified_gmt":"2026-02-24T11:59:53","slug":"dpm-crni-vrh","status":"publish","type":"page","link":"https:\/\/www.zpm-idrija.si\/?page_id=5391","title":{"rendered":"DPM \u010crni Vrh"},"content":{"rendered":"\n<p>Dru\u0161tvo prijateljev mladine \u010crni Vrh je bilo ustanovljeno septembra 1976 . <\/p>\n\n\n\n<p><strong>Kontakt: <\/strong><br>\u010crni Vrh 84<br>5274 \u010crni Vrh nad Idrijo<br><br>e-po\u0161ta: andrejka.bizjak@gmail.com<br>tel: 041 428 049<\/p>\n\n\n\n<figure class=\"wp-block-image size-full is-resized\"><a href=\"https:\/\/www.facebook.com\/profile.php?id=100066742429575&amp;sk=directory_contact_info\"><img loading=\"lazy\" decoding=\"async\" width=\"148\" height=\"148\" src=\"https:\/\/www.zpm-idrija.si\/wp-content\/uploads\/2026\/02\/download-1.png\" alt=\"\" class=\"wp-image-5364\" style=\"width:49px;height:auto\" srcset=\"https:\/\/www.zpm-idrija.si\/wp-content\/uploads\/2026\/02\/download-1.png 148w, https:\/\/www.zpm-idrija.si\/wp-content\/uploads\/2026\/02\/download-1-100x100.png 100w\" sizes=\"auto, (max-width: 148px) 100vw, 148px\" \/><\/a><\/figure>\n\n\n\n<p>Predsednica dru\u0161tva je Andrejka Bizjak.<\/p>\n\n\n\n<p class=\"has-luminous-vivid-orange-color has-text-color has-link-color wp-elements-4a8b107ba93e06aa5fa23c496fc10a3e\"><\/p>\n","protected":false},"excerpt":{"rendered":"<p>Dru\u0161tvo prijateljev mladine \u010crni Vrh je bilo ustanovljeno septembra 1976 . Kontakt: \u010crni Vrh 845274 \u010crni Vrh nad Idrijo e-po\u0161ta: andrejka.bizjak@gmail.comtel: 041 428 049 Predsednica dru\u0161tva je Andrejka Bizjak.<\/p>\n","protected":false},"author":1,"featured_media":0,"parent":5349,"menu_order":0,"comment_status":"closed","ping_status":"closed","template":"","meta":{"footnotes":""},"class_list":["post-5391","page","type-page","status-publish","hentry"],"_links":{"self":[{"href":"https:\/\/www.zpm-idrija.si\/index.php?rest_route=\/wp\/v2\/pages\/5391","targetHints":{"allow":["GET"]}}],"collection":[{"href":"https:\/\/www.zpm-idrija.si\/index.php?rest_route=\/wp\/v2\/pages"}],"about":[{"href":"https:\/\/www.zpm-idrija.si\/index.php?rest_route=\/wp\/v2\/types\/page"}],"author":[{"embeddable":true,"href":"https:\/\/www.zpm-idrija.si\/index.php?rest_route=\/wp\/v2\/users\/1"}],"replies":[{"embeddable":true,"href":"https:\/\/www.zpm-idrija.si\/index.php?rest_route=%2Fwp%2Fv2%2Fcomments&post=5391"}],"version-history":[{"count":6,"href":"https:\/\/www.zpm-idrija.si\/index.php?rest_route=\/wp\/v2\/pages\/5391\/revisions"}],"predecessor-version":[{"id":5484,"href":"https:\/\/www.zpm-idrija.si\/index.php?rest_route=\/wp\/v2\/pages\/5391\/revisions\/5484"}],"up":[{"embeddable":true,"href":"https:\/\/www.zpm-idrija.si\/index.php?rest_route=\/wp\/v2\/pages\/5349"}],"wp:attachment":[{"href":"https:\/\/www.zpm-idrija.si\/index.php?rest_route=%2Fwp%2Fv2%2Fmedia&parent=5391"}],"curies":[{"name":"wp","href":"https:\/\/api.w.org\/{rel}","templated":true}]}}