{"id":5386,"date":"2026-02-03T13:03:13","date_gmt":"2026-02-03T12:03:13","guid":{"rendered":"https:\/\/www.zpm-idrija.si\/?page_id=5386"},"modified":"2026-03-05T09:43:06","modified_gmt":"2026-03-05T08:43:06","slug":"dpm-cerkno","status":"publish","type":"page","link":"https:\/\/www.zpm-idrija.si\/?page_id=5386","title":{"rendered":"DPM Cerkno"},"content":{"rendered":"\n<p><strong><br><\/strong>Dru\u0161tvo prijateljev mladine Cerkno je bilo ustanovljeno 5. decembra 1997 in pokriva celotno obmo\u010dje ob\u010dine Cerkno. <\/p>\n\n\n\n<p>Dru\u0161tvo se je po nekajletnem premoru ponovno aktiviralo leta 2014. Pri star\u0161ih so po\u010dasi gradili zaupanje, saj njihovega delovanja v Cerknem niso bili vajeni. <br><\/p>\n\n\n\n<p>Eden najbolj prepoznavnih projektov je \u010cETRTKI POD DE\u017dNIKOM v mesecu juliju. Prihajajo otroci in star\u0161i,\u00a0 tudi od drugod. Vsako leto pa pripravimo tudi izlet za \u0161olske otroke. Zadnja sobota pred koncem \u0161olskega leta je \u017ee vsa leta rezervirana za adrenalinske in pou\u010dne potepe po Sloveniji.<\/p>\n\n\n\n<p>V letu 2025 smo na na\u0161ih aktivnostih gostili ve\u010d kot 300 otrok.<\/p>\n\n\n\n<figure class=\"wp-block-image size-large is-resized\"><img loading=\"lazy\" decoding=\"async\" width=\"724\" height=\"1024\" src=\"https:\/\/www.zpm-idrija.si\/wp-content\/uploads\/2026\/03\/PEPI-724x1024.png\" alt=\"\" class=\"wp-image-5487\" style=\"width:126px;height:auto\" srcset=\"https:\/\/www.zpm-idrija.si\/wp-content\/uploads\/2026\/03\/PEPI-724x1024.png 724w, https:\/\/www.zpm-idrija.si\/wp-content\/uploads\/2026\/03\/PEPI-212x300.png 212w, https:\/\/www.zpm-idrija.si\/wp-content\/uploads\/2026\/03\/PEPI.png 745w\" sizes=\"auto, (max-width: 724px) 100vw, 724px\" \/><\/figure>\n\n\n\n<p><br><br><strong>Kontakt: <\/strong><br>Bevkova ulica 22<br>5282 Cerkno<br><br>e-po\u0161ta: dpmcerkno@gmail.com<br>tel: +386 31 781 877<\/p>\n\n\n\n<figure class=\"wp-block-image size-full is-resized\"><a href=\"https:\/\/www.facebook.com\/profile.php?id=100068466980524  \" rel=\"https:\/\/www.facebook.com\/profile.php?id=100068466980524\"><img loading=\"lazy\" decoding=\"async\" width=\"148\" height=\"148\" src=\"https:\/\/www.zpm-idrija.si\/wp-content\/uploads\/2026\/02\/download.png\" alt=\"\" class=\"wp-image-5361\" style=\"width:53px;height:auto\" srcset=\"https:\/\/www.zpm-idrija.si\/wp-content\/uploads\/2026\/02\/download.png 148w, https:\/\/www.zpm-idrija.si\/wp-content\/uploads\/2026\/02\/download-100x100.png 100w\" sizes=\"auto, (max-width: 148px) 100vw, 148px\" \/><\/a><\/figure>\n\n\n\n<p><br>Predsednica dru\u0161tva je Alenka Lahajnar.<\/p>\n\n\n\n<p class=\"has-luminous-vivid-orange-color has-text-color has-link-color wp-elements-4a8b107ba93e06aa5fa23c496fc10a3e\"><\/p>\n\n\n\n<p><\/p>\n","protected":false},"excerpt":{"rendered":"<p>Dru\u0161tvo prijateljev mladine Cerkno je bilo ustanovljeno 5. decembra 1997 in pokriva celotno obmo\u010dje ob\u010dine Cerkno. Dru\u0161tvo se je po nekajletnem premoru ponovno aktiviralo leta 2014. Pri star\u0161ih so po\u010dasi gradili zaupanje, saj njihovega delovanja v Cerknem niso bili vajeni. Eden najbolj prepoznavnih projektov je \u010cETRTKI POD DE\u017dNIKOM v mesecu juliju. Prihajajo otroci in star\u0161i,\u00a0 &hellip; <\/p>\n<p class=\"link-more\"><a href=\"https:\/\/www.zpm-idrija.si\/?page_id=5386\" class=\"more-link\">Preberi ve\u010d<span class=\"screen-reader-text\"> &#8220;DPM Cerkno&#8221;<\/span><\/a><\/p>\n","protected":false},"author":1,"featured_media":0,"parent":5349,"menu_order":0,"comment_status":"closed","ping_status":"closed","template":"","meta":{"footnotes":""},"class_list":["post-5386","page","type-page","status-publish","hentry"],"_links":{"self":[{"href":"https:\/\/www.zpm-idrija.si\/index.php?rest_route=\/wp\/v2\/pages\/5386","targetHints":{"allow":["GET"]}}],"collection":[{"href":"https:\/\/www.zpm-idrija.si\/index.php?rest_route=\/wp\/v2\/pages"}],"about":[{"href":"https:\/\/www.zpm-idrija.si\/index.php?rest_route=\/wp\/v2\/types\/page"}],"author":[{"embeddable":true,"href":"https:\/\/www.zpm-idrija.si\/index.php?rest_route=\/wp\/v2\/users\/1"}],"replies":[{"embeddable":true,"href":"https:\/\/www.zpm-idrija.si\/index.php?rest_route=%2Fwp%2Fv2%2Fcomments&post=5386"}],"version-history":[{"count":7,"href":"https:\/\/www.zpm-idrija.si\/index.php?rest_route=\/wp\/v2\/pages\/5386\/revisions"}],"predecessor-version":[{"id":5489,"href":"https:\/\/www.zpm-idrija.si\/index.php?rest_route=\/wp\/v2\/pages\/5386\/revisions\/5489"}],"up":[{"embeddable":true,"href":"https:\/\/www.zpm-idrija.si\/index.php?rest_route=\/wp\/v2\/pages\/5349"}],"wp:attachment":[{"href":"https:\/\/www.zpm-idrija.si\/index.php?rest_route=%2Fwp%2Fv2%2Fmedia&parent=5386"}],"curies":[{"name":"wp","href":"https:\/\/api.w.org\/{rel}","templated":true}]}}