{"id":5378,"date":"2026-02-03T12:49:26","date_gmt":"2026-02-03T11:49:26","guid":{"rendered":"https:\/\/www.zpm-idrija.si\/?page_id=5378"},"modified":"2026-03-17T11:54:21","modified_gmt":"2026-03-17T10:54:21","slug":"prostovoljci-srce-organizacije","status":"publish","type":"page","link":"https:\/\/www.zpm-idrija.si\/?page_id=5378","title":{"rendered":"Prostovoljci, srce organizacije"},"content":{"rendered":"\n<div class=\"wp-block-buttons is-layout-flex wp-block-buttons-is-layout-flex\">\n<div class=\"wp-block-button\"><a class=\"wp-block-button__link wp-element-button\" href=\"https:\/\/www.zpm-idrija.si\/wp-content\/uploads\/2026\/03\/LETNI-NACRT-PROSTOVOLJSKIH-AKCIJ.docx\">Na\u010drt prostovoljskih akcij 2026<\/a><\/div>\n<\/div>\n\n\n\n<p><\/p>\n\n\n\n<p>Ministrstvo za javno upravo Republike Slovenije je objavilo Javni razpis za razvoj in profesionalizacijo NVO in prostovoljstva 2025, na katerega smo se uspe\u0161no prijavili.<\/p>\n\n\n\n<p>Predmet in namen javnega razpisa je sofinanciranje trajnostno naravnanih delovnih mest, ki bodo prispevala k razvoju in profesionalizaciji nevladnih organizacij in prostovoljstva v Sloveniji.&nbsp;<\/p>\n\n\n\n<p>Za organizirano in kakovostno prostovoljsko delo ter za zagotovitev ustrezne usposobljenosti prostovoljcev so potrebne organizacije, ki prostovoljsko delo organizirajo in usmerjajo proces prostovoljstva ter usposobljeni mentorji in koordinatorji prostovoljstva.<\/p>\n\n\n\n<p>Projekt \u00bbProstovoljci, srce organizacije\u00ab se osredoto\u010da na problem upada zanimanja za prostovoljstvo, te\u017eav pri pridobivanju in ohranjanju prostovoljcev ter pomanjkanjem mo\u017enosti za njihovo usposabljanje in nagrajevanje. Z vzpostavitvijo novega delovnega mesta mentorja oziroma koordinatorja prostovoljcev bomo okrepili podporo, izobra\u017eevanje, motivacijo in prepoznavnost prostovoljcev ter zagotovili stabilno izvajanje programov..<\/p>\n\n\n\n<p><strong>Cilji vloge:<\/strong><\/p>\n\n\n\n<ol start=\"1\" class=\"wp-block-list\">\n<li>Izbolj\u0161an pristop k pridobivanju novih prostovoljcev<\/li>\n\n\n\n<li>Uvedba strate\u0161kega na\u010drtovanja za bolj organizirano delo s prostovoljci<\/li>\n\n\n\n<li>Uveden izbolj\u0161an model dela s prostovoljci<\/li>\n\n\n\n<li>Sistematizirana komunikacija z namenom promocije prostovoljstva in organizacije<\/li>\n\n\n\n<li>Izvedba stalnega programa za kvalitetno pre\u017eivljanje prostega \u010dasa<\/li>\n\n\n\n<li>Uvedba novih programov in dodatnih prostovoljskih akcij<\/li>\n<\/ol>\n\n\n\n<p>Klju\u010dne <strong>aktivnosti<\/strong> za doseganje ciljev in kazalnikov projekta:<\/p>\n\n\n\n<p><strong>Pridobivanje prostovoljcev<\/strong><\/p>\n\n\n\n<ul class=\"wp-block-list\">\n<li>Analiza obstoje\u010dih na\u010dinov pridobivanja (kaj deluje, kaj ne)<\/li>\n\n\n\n<li>Dolo\u010ditev ciljnih skupin za posamezne aktivnosti<\/li>\n\n\n\n<li>Oblikovanje privla\u010dne ponudbe prostovoljstva<\/li>\n\n\n\n<li>Promocija prostovoljskih prilo\u017enosti v lokalni skupnosti<\/li>\n<\/ul>\n\n\n\n<p><strong>Uvajanje in vklju\u010devanje<\/strong><\/p>\n\n\n\n<ul class=\"wp-block-list\">\n<li>Uvajalni program za nove prostovoljce<\/li>\n\n\n\n<li>Mentorstvo ali koordinator prostovoljcev<\/li>\n\n\n\n<li>Jasno dolo\u010dene prostovoljske vloge in naloge (priro\u010dnik)<\/li>\n<\/ul>\n\n\n\n<p><strong>Podpora in izobra\u017eevanje<\/strong><\/p>\n\n\n\n<ul class=\"wp-block-list\">\n<li>Redna interna izobra\u017eevanja, delavnice, teambuildingi<\/li>\n\n\n\n<li>Pomo\u010d pri idejni zasnovi in izvedbi lastnih projektov prostovoljcev<\/li>\n\n\n\n<li>Zagotavljanje dostopa do znanj, potrdil in drugih koristi<\/li>\n<\/ul>\n\n\n\n<p><strong>Na\u010drtovanje in izvedba programov<\/strong><\/p>\n\n\n\n<ul class=\"wp-block-list\">\n<li>Priprava letnega na\u010drta prostovoljskega dela<\/li>\n\n\n\n<li>Na\u010drtovanje in izvedba posameznih akcij in aktivnosti<\/li>\n\n\n\n<li>Vklju\u010devanje prostovoljcev v pripravo vsebin in organizacijo dogodkov<\/li>\n<\/ul>\n\n\n\n<p><strong>Komunikacija in prepoznavnost<\/strong><\/p>\n\n\n\n<ul class=\"wp-block-list\">\n<li>Oblikovanje komunikacijske strategije in kanalov<\/li>\n\n\n\n<li>Redno obve\u0161\u010danje javnosti o delu prostovoljcev<\/li>\n\n\n\n<li>Promocija dose\u017ekov in zgodbe prostovoljcev<\/li>\n<\/ul>\n\n\n\n<p><strong>Evalvacija in izbolj\u0161ave<\/strong><\/p>\n\n\n\n<ul class=\"wp-block-list\">\n<li>Spremljanje sodelovanja in zadovoljstva prostovoljcev<\/li>\n\n\n\n<li>Sistem pohval, priznanj in potrdil<\/li>\n\n\n\n<li>Evalvacija izvedenih aktivnosti in uporaba povratnih informacij<\/li>\n<\/ul>\n\n\n\n<p><strong>Povezovanje in sodelovanje<\/strong><\/p>\n\n\n\n<ul class=\"wp-block-list\">\n<li>Povezovanje z lokalnimi organizacijami, zavodi in posamezniki<\/li>\n\n\n\n<li>Raziskava mo\u017enosti vklju\u010ditve prostovoljstva v \u0161ole<\/li>\n\n\n\n<li>Ohranjanje odnosov s prostovoljci preko neformalnih dru\u017eenj<\/li>\n<\/ul>\n\n\n\n<p>Rezultate projekta bomo mese\u010dno evalvirali za svoje potrebe in na vsako petmese\u010dje v skladu z navodili poro\u010dali tudi Ministrstvu za javno upravo Republike Slovenije.<\/p>\n\n\n\n<p>Aktivnosti sofinancira Ministrstvo za javno upravo Republike Slovenije v okviru javnega razpisa za razvoj in profesionalizacijo NVO in prostovoljstva 2025 v vrednosti 70.000 \u20ac.<\/p>\n\n\n\n<p><strong>Trajanje: <\/strong>1. 2. 2026 do 30. 4. 2028<\/p>\n\n\n\n<p><a href=\"https:\/\/www.gov.si\/zbirke\/javne-objave\/javni-razpis-za-razvoj-in-profesionalizacijo-nvo-in-prostovoljstva-2025\/\"><strong>Ve\u010d o projektu &gt;&gt;<\/strong> <\/a><\/p>\n\n\n<div class=\"wp-block-image\">\n<figure class=\"aligncenter size-full is-resized\"><img loading=\"lazy\" decoding=\"async\" width=\"261\" height=\"49\" src=\"https:\/\/www.zpm-idrija.si\/wp-content\/uploads\/2026\/02\/image.jpeg\" alt=\"\" class=\"wp-image-5381\" style=\"width:348px;height:auto\"\/><\/figure><\/div>\n\n\n<p><\/p>\n","protected":false},"excerpt":{"rendered":"<p>Ministrstvo za javno upravo Republike Slovenije je objavilo Javni razpis za razvoj in profesionalizacijo NVO in prostovoljstva 2025, na katerega smo se uspe\u0161no prijavili. Predmet in namen javnega razpisa je sofinanciranje trajnostno naravnanih delovnih mest, ki bodo prispevala k razvoju in profesionalizaciji nevladnih organizacij in prostovoljstva v Sloveniji.&nbsp; Za organizirano in kakovostno prostovoljsko delo ter &hellip; <\/p>\n<p class=\"link-more\"><a href=\"https:\/\/www.zpm-idrija.si\/?page_id=5378\" class=\"more-link\">Preberi ve\u010d<span class=\"screen-reader-text\"> &#8220;Prostovoljci, srce organizacije&#8221;<\/span><\/a><\/p>\n","protected":false},"author":1,"featured_media":0,"parent":1523,"menu_order":1,"comment_status":"closed","ping_status":"closed","template":"","meta":{"footnotes":""},"class_list":["post-5378","page","type-page","status-publish","hentry"],"_links":{"self":[{"href":"https:\/\/www.zpm-idrija.si\/index.php?rest_route=\/wp\/v2\/pages\/5378","targetHints":{"allow":["GET"]}}],"collection":[{"href":"https:\/\/www.zpm-idrija.si\/index.php?rest_route=\/wp\/v2\/pages"}],"about":[{"href":"https:\/\/www.zpm-idrija.si\/index.php?rest_route=\/wp\/v2\/types\/page"}],"author":[{"embeddable":true,"href":"https:\/\/www.zpm-idrija.si\/index.php?rest_route=\/wp\/v2\/users\/1"}],"replies":[{"embeddable":true,"href":"https:\/\/www.zpm-idrija.si\/index.php?rest_route=%2Fwp%2Fv2%2Fcomments&post=5378"}],"version-history":[{"count":8,"href":"https:\/\/www.zpm-idrija.si\/index.php?rest_route=\/wp\/v2\/pages\/5378\/revisions"}],"predecessor-version":[{"id":5541,"href":"https:\/\/www.zpm-idrija.si\/index.php?rest_route=\/wp\/v2\/pages\/5378\/revisions\/5541"}],"up":[{"embeddable":true,"href":"https:\/\/www.zpm-idrija.si\/index.php?rest_route=\/wp\/v2\/pages\/1523"}],"wp:attachment":[{"href":"https:\/\/www.zpm-idrija.si\/index.php?rest_route=%2Fwp%2Fv2%2Fmedia&parent=5378"}],"curies":[{"name":"wp","href":"https:\/\/api.w.org\/{rel}","templated":true}]}}