{"id":50,"date":"2018-06-07T08:12:56","date_gmt":"2018-06-07T07:12:56","guid":{"rendered":"http:\/\/www.zpm-idrija.si\/?page_id=50"},"modified":"2026-04-14T11:54:59","modified_gmt":"2026-04-14T10:54:59","slug":"letovanje","status":"publish","type":"page","link":"https:\/\/www.zpm-idrija.si\/?page_id=50","title":{"rendered":"Letovanje"},"content":{"rendered":"<h1 style=\"text-align: center;\"><strong>LETOVANJE OTROK 2026<\/strong><\/h1>\n<p><strong>18. 7.\u201325. 7. 2026 v Pore\u010du (7 dni)<\/strong><\/p>\n<p>Po\u010ditni\u0161ki dom le\u017ei v naselju \u0160padi\u010di v neposredni bli\u017eini morja, od centra Pore\u010da je oddaljen manj kot 2 km. Dom obdaja borov gozdi\u010dek s klopmi, mizami in igrali, ki omogo\u010da izvedbo razli\u010dnih dejavnosti tudi v vro\u010dem vremenu.<\/p>\n<p>&nbsp;<\/p>\n\n\n<p><\/p>\n\n\n\n<figure class=\"wp-block-image size-full\"><img loading=\"lazy\" decoding=\"async\" width=\"1414\" height=\"2000\" src=\"https:\/\/www.zpm-idrija.si\/wp-content\/uploads\/2026\/04\/letovanje-porec-2025-1.png\" alt=\"\" class=\"wp-image-5586\" srcset=\"https:\/\/www.zpm-idrija.si\/wp-content\/uploads\/2026\/04\/letovanje-porec-2025-1.png 1414w, https:\/\/www.zpm-idrija.si\/wp-content\/uploads\/2026\/04\/letovanje-porec-2025-1-212x300.png 212w, https:\/\/www.zpm-idrija.si\/wp-content\/uploads\/2026\/04\/letovanje-porec-2025-1-724x1024.png 724w, https:\/\/www.zpm-idrija.si\/wp-content\/uploads\/2026\/04\/letovanje-porec-2025-1-768x1086.png 768w, https:\/\/www.zpm-idrija.si\/wp-content\/uploads\/2026\/04\/letovanje-porec-2025-1-1086x1536.png 1086w\" sizes=\"auto, (max-width: 767px) 89vw, (max-width: 1000px) 54vw, (max-width: 1071px) 543px, 580px\" \/><\/figure>\n\n\n\n<ol class=\"wp-block-list\">\n<li>Prijava na letovanje:<\/li>\n<\/ol>\n\n\n\n<p>Prijavitelj prijavi svojega otroka na letovanje s prijavnico, ki jo otrok dobi v \u0161oli ali pa jo natisne na spletni strani&nbsp;<a href=\"https:\/\/www.zpm-idrija.si\/\">www.zpm-idrija.si<\/a>. Prijava mora biti v celoti izpolnjena z vsemi podatki, ki so v obrazcu zahtevani. Organizator lahko odkloni sprejem prijave oz. sprejem na letovanje, v kolikor na prijavnici niso pravilno in v celoti podani izklju\u010dno resni\u010dni podatki. Prijavnica mora biti obvezno podpisana s strani star\u0161a, skrbnika ali zakonitega zastopnika.<\/p>\n\n\n<div class=\"wp-block-image\">\n<figure class=\"alignleft is-resized\"><img loading=\"lazy\" decoding=\"async\" width=\"99\" height=\"257\" src=\"https:\/\/www.zpm-idrija.si\/wp-content\/uploads\/2024\/04\/klicaj-1.jpg\" alt=\"\" class=\"wp-image-4587\" style=\"width:47px;height:auto\"\/><\/figure><\/div>\n\n\n<p>Prijave bomo sprejemali\u00a0<strong>samo po priporo\u010deni po\u0161ti<\/strong>\u00a0na naslov\u00a0<strong>Zveza prijateljev mladine Idrija, Mestni trg 11, 5280 Idrija\u00a0<\/strong>od\u00a0ponedeljka, <strong>4. 5. 2026, dalje<\/strong>.\u00a0<strong>Nepopolne in pred\u010dasno oddane prijave ne bodo upo\u0161tevane<\/strong>. Prijave bomo sprejemali po vrstnem redu prijaviteljev,\u00a0<strong>glede na datum in uro<\/strong>\u00a0<strong>oddane<\/strong>\u00a0prijavnice. V eni pisemski ovojnici so lahko prijave samo za eno dru\u017eino.<\/p>\n\n\n\n<p>Prijava na letovanje je dokon\u010dna, \u010de je za letovanje prosto mesto in je prijavitelj o tem pisno obve\u0161\u010den (po e-po\u0161ti ali pisno) in ko organizator in prijavitelj skleneta dogovor. Otrok ali mladostnik se lahko letovanja udele\u017ei le v primeru, ko prijavitelj oz. pla\u010dnik skladno z odlo\u010dbo, ki jo izda organizator, pla\u010da dogovorjeni lastni dele\u017e sofinanciranja letovanja.<\/p>\n\n\n\n<ul class=\"wp-block-list\">\n<li>Cena in subvencioniranje letovanj<\/li>\n<\/ul>\n\n\n\n<p>Vse cene letovanj v organizaciji Zveze prijateljev mladine Idrija so deloma subvencionirane s pomo\u010djo sredstev, ki jih namenita ob\u010dini Idrija in Cerkno, ter sredstev, ki jih pridobimo z donacijami. Dele\u017e subvencije je vi\u0161ji za&nbsp;<strong>socialno subvencionirano letovanje&nbsp;<\/strong>in&nbsp;<strong>zdravstveno letovanje.<\/strong><\/p>\n\n\n\n<p><strong>PORE\u010c<\/strong> &#8211; Prispevek star\u0161ev za pla\u010dilo: 310 \u20ac<\/p>\n\n\n\n<ul class=\"wp-block-list\">\n<li><strong>Socialno subvencionirano letovanje<\/strong><\/li>\n<\/ul>\n\n\n\n<p>Socialno subvencionirano letovanje je namenjeno otrokom iz socialno ogro\u017eenih dru\u017ein. Prijavitelj, ki \u017eeli koristiti socialno subvencionirano letovanje je dol\u017ean zagotoviti vsa dokazila (Odlo\u010dba o otro\u0161kem dodatku). V kolikor prijavitelj dokazil ne bo zagotovil, mu bo zara\u010dunano letovanje kot ostalim otrokom oz. mladostnikom, ki socialne subvencije ne koristijo. Dele\u017e sofinanciranja je odvisen od materialnega in socialnega stanja dru\u017eine.<\/p>\n\n\n\n<figure class=\"wp-block-table\"><table><tbody><tr><td colspan=\"4\"><strong>LESTVICA ZA LETO 2026 (veljavna od 1. 3. 2024)<\/strong><br><strong>SOCIALNO SUBVENCIONIRANA LETOVANJA<\/strong><\/td><\/tr><tr><td>Dohodkovni razred<\/td><td>Povpre\u010dni mese\u010dni dohodek na osebo (v evrih)<\/td><td><strong>Prispevek star\u0161ev PORE\u010c<\/strong><\/td><\/tr><tr><td>1<\/td><td>do 230,76<\/td><td>0 \u20ac<\/td><\/tr><tr><td>2<\/td><td>od 230,77 do 384,61<\/td><td>80 \u20ac<\/td><\/tr><tr><td>3<\/td><td>od 384,62 do 461,54<\/td><td>100 \u20ac<\/td><\/tr><tr><td>4<\/td><td>od 461,55 do 538,46<\/td><td>160 \u20ac<\/td><\/tr><tr><td>5<\/td><td>od 538,47 do 679,51<\/td><td>200 \u20ac<\/td><\/tr><tr><td>6<\/td><td>od 679,52 do 820,51<\/td><td>230 \u20ac<\/td><\/tr><\/tbody><\/table><\/figure>\n\n\n\n<ul class=\"wp-block-list\">\n<li><strong>Zdravstveno letovanje<\/strong><\/li>\n<\/ul>\n\n\n\n<p>Zdravstveno letovanje je namenjeno vsem otrokom, ki pogosteje obolevajo in je na osnovi razpisa subvencionirano s sredstvi Ministrstva za zdravje. Do zdravstvenega letovanja je upravi\u010den otrok, ki je bil ve\u010dkrat hospitaliziran ali pogosteje bolan in ima to zabele\u017eeno v medicinski dokumentaciji.<\/p>\n\n\n\n<p>Organizator bo osebne podatke (ime priimek, naslov in letnico rojstva) posredoval v obdelavo \u0161olskemu dispanzerju v ZD Idrija. Predlog zdravnika je pogoj za kori\u0161\u010denje zdravstveno subvencioniranega letovanja.<\/p>\n\n\n\n<p>Prispevek star\u0161ev <strong>ZDRAVSTVENO LETOVANJE<\/strong>: 106 \u20ac<\/p>\n\n\n\n<ul class=\"wp-block-list\">\n<li>Odpovedi prijav:<\/li>\n<\/ul>\n\n\n\n<p><strong>Odpovedi prijav so mo\u017ene le z zdravni\u0161kim potrdilom, v nasprotnem primeru prijavitelj poravna celoten stro\u0161ek letovanja.<\/strong><\/p>\n\n\n\n<p>Prijavitelj lahko kadarkoli odstopi od dogovora. Odstop od dogovora ima za posledico:<\/p>\n\n\n\n<ul class=\"wp-block-list\">\n<li>V primeru upravi\u010dene odjave vsaj 7 dni pred pri\u010detkom letovanja (dogodki ali okoli\u0161\u010dine, ki se dokazujejo z ustreznimi potrdili, kot so bolezen otroka, smrt ali huda bolezen v dru\u017eini, nezmo\u017enost potovanja na kraj odhoda zaradi elementarne nesre\u010de in podobno), zadr\u017ei organizator letovanja 10 % celotne cene letovanja. Izjema v takih primerih so lahko samo prijavitelji otrok, ki so glede na dohodek na dru\u017einskega \u010dlana vpla\u010dali le obvezni zni\u017ean prispevek.<\/li>\n\n\n\n<li>V primeru odjave zaradi bolezni otroka v \u010dasu letovanja, zadr\u017ei organizator letovanja vrednost \u017ee izkori\u0161\u010denih storitev.<\/li>\n\n\n\n<li>V primeru neupravi\u010dene odjave: do 15 dni pred odhodom zadr\u017ei organizator letovanja 50 % celotne cene letovanja, do 7 dni pred odhodom zadr\u017ei organizator 100 % celotne cene letovanja.<\/li>\n\n\n\n<li>V primeru neupravi\u010dene prekinitve letovanja (na \u017eeljo star\u0161ev ali otroka, ali zaradi huj\u0161e kr\u0161itve hi\u0161nega reda) zadr\u017ei organizator letovanja celotno pla\u010dilo.<\/li>\n<\/ul>\n\n\n\n<p>Organizator v vseh primerih iz te to\u010dke vra\u010da denar samo z nakazilom na transakcijski ra\u010dun prijavitelja oz. pla\u010dnika po zaklju\u010dku letovanj.<\/p>\n\n\n\n<p>Ve\u010d informacij o letovanju in prijavah na letovanje lahko dobite na telefonski \u0161tevilki 041 427 925 in preko e-naslova&nbsp;<a href=\"mailto:zpmidrija@gmail.com\">zpmidrija@gmail.com<\/a>.<\/p>\n\n\n\n<div data-wp-interactive=\"core\/file\" class=\"wp-block-file\"><object data-wp-bind--hidden=\"!state.hasPdfPreview\" hidden class=\"wp-block-file__embed\" data=\"https:\/\/www.zpm-idrija.si\/wp-content\/uploads\/2026\/04\/Letovanje_2026-prijavnica.pdf\" type=\"application\/pdf\" style=\"width:100%;height:600px\" aria-label=\"Vdelava Letovanje_2026 prijavnica\"><\/object><a id=\"wp-block-file--media-63cd5cfd-4a2c-4a82-bf3c-bddb06ae097a\" href=\"https:\/\/www.zpm-idrija.si\/wp-content\/uploads\/2026\/04\/Letovanje_2026-prijavnica.pdf\">Letovanje_2026 prijavnica<\/a><a href=\"https:\/\/www.zpm-idrija.si\/wp-content\/uploads\/2026\/04\/Letovanje_2026-prijavnica.pdf\" class=\"wp-block-file__button wp-element-button\" download aria-describedby=\"wp-block-file--media-63cd5cfd-4a2c-4a82-bf3c-bddb06ae097a\">Prenos<\/a><\/div>\n","protected":false},"excerpt":{"rendered":"<p>LETOVANJE OTROK 2026 18. 7.\u201325. 7. 2026 v Pore\u010du (7 dni) Po\u010ditni\u0161ki dom le\u017ei v naselju \u0160padi\u010di v neposredni bli\u017eini morja, od centra Pore\u010da je oddaljen manj kot 2 km. Dom obdaja borov gozdi\u010dek s klopmi, mizami in igrali, ki omogo\u010da izvedbo razli\u010dnih dejavnosti tudi v vro\u010dem vremenu. &nbsp; Prijavitelj prijavi svojega otroka na letovanje &hellip; <\/p>\n<p class=\"link-more\"><a href=\"https:\/\/www.zpm-idrija.si\/?page_id=50\" class=\"more-link\">Preberi ve\u010d<span class=\"screen-reader-text\"> &#8220;Letovanje&#8221;<\/span><\/a><\/p>\n","protected":false},"author":1,"featured_media":5574,"parent":0,"menu_order":0,"comment_status":"closed","ping_status":"closed","template":"","meta":{"footnotes":""},"class_list":["post-50","page","type-page","status-publish","has-post-thumbnail","hentry"],"_links":{"self":[{"href":"https:\/\/www.zpm-idrija.si\/index.php?rest_route=\/wp\/v2\/pages\/50","targetHints":{"allow":["GET"]}}],"collection":[{"href":"https:\/\/www.zpm-idrija.si\/index.php?rest_route=\/wp\/v2\/pages"}],"about":[{"href":"https:\/\/www.zpm-idrija.si\/index.php?rest_route=\/wp\/v2\/types\/page"}],"author":[{"embeddable":true,"href":"https:\/\/www.zpm-idrija.si\/index.php?rest_route=\/wp\/v2\/users\/1"}],"replies":[{"embeddable":true,"href":"https:\/\/www.zpm-idrija.si\/index.php?rest_route=%2Fwp%2Fv2%2Fcomments&post=50"}],"version-history":[{"count":26,"href":"https:\/\/www.zpm-idrija.si\/index.php?rest_route=\/wp\/v2\/pages\/50\/revisions"}],"predecessor-version":[{"id":5590,"href":"https:\/\/www.zpm-idrija.si\/index.php?rest_route=\/wp\/v2\/pages\/50\/revisions\/5590"}],"wp:featuredmedia":[{"embeddable":true,"href":"https:\/\/www.zpm-idrija.si\/index.php?rest_route=\/wp\/v2\/media\/5574"}],"wp:attachment":[{"href":"https:\/\/www.zpm-idrija.si\/index.php?rest_route=%2Fwp%2Fv2%2Fmedia&parent=50"}],"curies":[{"name":"wp","href":"https:\/\/api.w.org\/{rel}","templated":true}]}}