{"id":49,"date":"2018-06-07T08:12:56","date_gmt":"2018-06-07T07:12:56","guid":{"rendered":"http:\/\/www.zpm-idrija.si\/?page_id=49"},"modified":"2023-04-20T09:17:05","modified_gmt":"2023-04-20T08:17:05","slug":"pocitniski-programi","status":"publish","type":"page","link":"https:\/\/www.zpm-idrija.si\/?page_id=49","title":{"rendered":"Po\u010ditni\u0161ki programi"},"content":{"rendered":"<p><strong><a href=\"https:\/\/www.zpm-idrija.si\/?page_id=1683\">PO\u010cITNI\u0160KO VARSTVO<\/a><\/strong><\/p>\n<p>V \u010dasu poletnih po\u010ditnic organiziramo&nbsp; dnevno varstvo za otroke od 1. do 5. razreda osnovne \u0161ole. Varstvo poteka vsak dan, od ponedeljka do petka, od 7.00 do 16.00 pod vodstvom dveh vzgojiteljic. V primeru velikega \u0161tevila prijavljenih otrok na pomo\u010d prisko\u010dijo tudi na\u0161i prostovoljci. Otroci v varstvu dobijo zajtrk, malico in toplo kosilo.<\/p>\n<p>Dopoldneve tako pre\u017eivljajo v dru\u017ebi prijateljev ob razli\u010dnih ustvarjalnih in \u0161portnih aktivnostih, ob igri na prostem in sprehodih v naravi. Vklju\u010dujemo se tudi v program Po\u010ditnikarije, kjer se odvijajo razli\u010dne delavnice in dogodki.<\/p>\n<p><a href=\"https:\/\/www.zpm-idrija.si\/?page_id=1681\"><strong>\u0160OLSKE PO\u010cITNICE&nbsp;<\/strong><\/a><\/p>\n<p>V \u010dasu jesenskih, novoletnih, zimskih in poletnih po\u010ditnic organiziramo pestro po\u010ditni\u0161ko dogajanje za vse osnovno\u0161olske otroke. Otrokom nudimo najrazli\u010dnej\u0161e aktivnosti za kvalitetno pre\u017eivljanje prostega \u010dasa z izvedbo razli\u010dnih ustvarjalnih delavnic, \u0161portno obarvanih dogodkov, izletov, medgeneracijskih dru\u017eenj in drugih aktivnosti.<\/p>\n<p>S planiranimi aktivnostmi \u017eelimo otrokom ponuditi mo\u017enost, da raz\u0161irijo svoja obzorja, se nau\u010dijo novih stvari in razvijejo nove ve\u0161\u010dine. Organizirane poletne aktivnosti predstavljajo tudi dodatno mo\u017enost za gradnjo socialne mre\u017ee otrok, saj se sre\u010dujejo z drugimi otroki iz okoli\u0161kih krajev, s katerimi med \u0161olskim letom nimajo veliko stikov.<\/p>\n","protected":false},"excerpt":{"rendered":"<p>PO\u010cITNI\u0160KO VARSTVO V \u010dasu poletnih po\u010ditnic organiziramo&nbsp; dnevno varstvo za otroke od 1. do 5. razreda osnovne \u0161ole. Varstvo poteka vsak dan, od ponedeljka do petka, od 7.00 do 16.00 pod vodstvom dveh vzgojiteljic. V primeru velikega \u0161tevila prijavljenih otrok na pomo\u010d prisko\u010dijo tudi na\u0161i prostovoljci. Otroci v varstvu dobijo zajtrk, malico in toplo kosilo. &hellip; <\/p>\n<p class=\"link-more\"><a href=\"https:\/\/www.zpm-idrija.si\/?page_id=49\" class=\"more-link\">Preberi ve\u010d<span class=\"screen-reader-text\"> &#8220;Po\u010ditni\u0161ki programi&#8221;<\/span><\/a><\/p>\n","protected":false},"author":1,"featured_media":3839,"parent":0,"menu_order":0,"comment_status":"closed","ping_status":"closed","template":"","meta":{"footnotes":""},"class_list":["post-49","page","type-page","status-publish","has-post-thumbnail","hentry"],"_links":{"self":[{"href":"https:\/\/www.zpm-idrija.si\/index.php?rest_route=\/wp\/v2\/pages\/49","targetHints":{"allow":["GET"]}}],"collection":[{"href":"https:\/\/www.zpm-idrija.si\/index.php?rest_route=\/wp\/v2\/pages"}],"about":[{"href":"https:\/\/www.zpm-idrija.si\/index.php?rest_route=\/wp\/v2\/types\/page"}],"author":[{"embeddable":true,"href":"https:\/\/www.zpm-idrija.si\/index.php?rest_route=\/wp\/v2\/users\/1"}],"replies":[{"embeddable":true,"href":"https:\/\/www.zpm-idrija.si\/index.php?rest_route=%2Fwp%2Fv2%2Fcomments&post=49"}],"version-history":[{"count":10,"href":"https:\/\/www.zpm-idrija.si\/index.php?rest_route=\/wp\/v2\/pages\/49\/revisions"}],"predecessor-version":[{"id":4039,"href":"https:\/\/www.zpm-idrija.si\/index.php?rest_route=\/wp\/v2\/pages\/49\/revisions\/4039"}],"wp:featuredmedia":[{"embeddable":true,"href":"https:\/\/www.zpm-idrija.si\/index.php?rest_route=\/wp\/v2\/media\/3839"}],"wp:attachment":[{"href":"https:\/\/www.zpm-idrija.si\/index.php?rest_route=%2Fwp%2Fv2%2Fmedia&parent=49"}],"curies":[{"name":"wp","href":"https:\/\/api.w.org\/{rel}","templated":true}]}}