{"id":48,"date":"2018-06-07T08:12:56","date_gmt":"2018-06-07T07:12:56","guid":{"rendered":"http:\/\/www.zpm-idrija.si\/?page_id=48"},"modified":"2026-03-27T13:02:39","modified_gmt":"2026-03-27T12:02:39","slug":"varne-tocke","status":"publish","type":"page","link":"https:\/\/www.zpm-idrija.si\/?page_id=48","title":{"rendered":"Varne to\u010dke"},"content":{"rendered":"<p style=\"margin-bottom: 19.5pt; text-align: justify;\"><strong><span style=\"font-size: 11.5pt; font-family: 'Helvetica',sans-serif; color: #333333;\">KAJ so Varne to\u010dke?<\/span><\/strong><\/p>\n<p style=\"text-align: justify;\"><span style=\"font-size: 11.5pt; font-family: 'Helvetica',sans-serif; color: #333333;\">Varne to\u010dke so razli\u010dni javni prostori, kjer se nahajajo ljudje, ki so prostovoljno pripravljeni pomagati otrokom v stiski. Z otrokom se pogovorijo, mu svetujejo in pomagajo pri re\u0161evanju problema.<\/span><\/p>\n<p style=\"text-align: justify;\"><span style=\"font-size: 11.5pt; font-family: 'Helvetica',sans-serif; color: #333333;\">\u00a0<strong style=\"color: inherit; font-stretch: normal; font-style: inherit;\"><span style=\"font-family: 'Helvetica',sans-serif;\">KJE so Varne to\u010dke?<\/span><\/strong><\/span><\/p>\n<p style=\"text-align: justify;\"><span style=\"font-size: 11.5pt; font-family: 'Helvetica',sans-serif; color: #333333;\">Varne to\u010dke se nahajajo ob \u0161olskih poteh, saj se tudi medvrstni\u0161ko nasilje najve\u010dkrat dogaja okoli in na poti v \u0161olo, takrat ko je nadzor odraslih manj\u0161i. Otroci lahko Varne to\u010dke prepoznajo po posebni nalepki &#8211; smejo\u010di se hi\u0161ici, ki je name\u0161\u010dena na vidno mesto lokala. Nanje jih opominjajo tudi \u0161olski urniki in plakati.<\/span><\/p>\n<p style=\"text-align: justify;\"><strong style=\"color: inherit; font-stretch: normal; font-style: inherit;\"><span style=\"font-size: 11.5pt; font-family: 'Helvetica',sans-serif; color: #333333;\">ZAKAJ je pomembno vzpostavljati Varne to\u010dke?<\/span><\/strong><\/p>\n<p style=\"text-align: justify;\"><span style=\"font-size: 11.5pt; font-family: 'Helvetica',sans-serif; color: #333333;\">Varne to\u010dke pripomorejo k ustvarjanju ozra\u010dja ve\u010dje varnosti za otroke in mladostnike v mestu, kjer primanjkuje prostorov, kamor bi se otroci lahko zatekli po pomo\u010d in se po\u010dutili varne. Pogosto so ogro\u017eeni s strani vrstnikov, so v stiski zaradi pritiskov v \u0161oli, so se izgubili, ne morejo priti domov oz. v stik s star\u0161i in ne vedo, h komu bi se obrnili po pomo\u010d.<\/span><\/p>\n<p style=\"text-align: justify;\"><strong style=\"color: inherit; font-stretch: normal; font-style: inherit;\"><span style=\"font-size: 11.5pt; font-family: 'Helvetica',sans-serif; color: #333333;\">KAKO lahko Varne to\u010dke pomagajo otrokom?<\/span><\/strong><\/p>\n<p style=\"text-align: justify;\"><span style=\"font-size: 11.5pt; font-family: 'Helvetica',sans-serif; color: #333333;\">Otroci se najpogosteje zate\u010dejo, \u010de so \u017ertve nasilja med vrstniki, pa tudi, \u010de imajo te\u017eave v dru\u017einskem okolju, potrebujejo pomo\u010d pri doma\u010di nalogi, obli\u017e na rano, ne morejo priti domov, so pozabili klju\u010de in \u017eelijo priti v stik s star\u0161i ali pa potrebujejo zgolj pozornost in prijazen pogovor.<br \/><\/span><\/p>\n<p>SEZNAM VARNIH TO\u010cK V OB\u010cINI IDRIJA IN CERKNO<\/p>\n<table width=\"421\">\n<tbody>\n<tr>\n<td width=\"21\">\u00a0<\/td>\n<td width=\"179\">\n<h1><strong>IDRIJA<\/strong><\/h1>\n<\/td>\n<td width=\"113\">\u00a0<\/td>\n<td width=\"108\">\u00a0<\/td>\n<\/tr>\n<tr>\n<td>1<\/td>\n<td width=\"179\">DOM UPOKOJENCEV IDRIJA<\/td>\n<td width=\"113\">ARKOVA 4<\/td>\n<td width=\"108\">IDRIJA<\/td>\n<\/tr>\n<tr>\n<td>2<\/td>\n<td width=\"179\">HOTEL JO\u017dEF<\/td>\n<td width=\"113\">VOJKOVA 9A<\/td>\n<td width=\"108\">IDRIJA<\/td>\n<\/tr>\n<tr>\n<td>3<\/td>\n<td width=\"179\">HI\u0160A GABRON<\/td>\n<td width=\"113\">LAPAJNETOVA 52<\/td>\n<td width=\"108\">IDRIJA<\/td>\n<\/tr>\n<tr>\n<td>4<\/td>\n<td width=\"179\">ZAVAROVALNO ZASTOPSTVO ALEKSANDER PAGLAVEC S.P.<\/td>\n<td width=\"113\">LAPAJNETOVA 31<\/td>\n<td width=\"108\">IDRIJA<\/td>\n<\/tr>\n<tr>\n<td>5<\/td>\n<td width=\"179\">KNJIGARNA ABC D.O.O.<\/td>\n<td width=\"113\">LAPAJNETOVA UL. 19<\/td>\n<td width=\"108\">IDRIJA<\/td>\n<\/tr>\n<tr>\n<td>6<\/td>\n<td width=\"179\">MESTNA KNJI\u017dNICA IN \u010cITALNICA IDRIJA<\/td>\n<td width=\"113\">UL. SV. BARBARE 4-5<\/td>\n<td width=\"108\">IDRIJA<\/td>\n<\/tr>\n<tr>\n<td>7<\/td>\n<td width=\"179\">FRIZERSTVO MUNH<\/td>\n<td width=\"113\">MESTNI TRG 13 A<\/td>\n<td width=\"108\">IDRIJA<\/td>\n<\/tr>\n<tr>\n<td>8<\/td>\n<td width=\"179\">ZVEZA DRU\u0160TEV MLADINSKI CENTER IDRIJA<\/td>\n<td width=\"113\">ULICA IX. KORPUSA 17<\/td>\n<td width=\"108\">IDRIJA<\/td>\n<\/tr>\n<tr>\n<td>\u00a0<\/td>\n<td width=\"179\">\u00a0<\/td>\n<td width=\"113\">\u00a0<\/td>\n<td width=\"108\">\u00a0<\/td>\n<\/tr>\n<tr>\n<td>\u00a0<\/td>\n<td width=\"179\">\u00a0<\/td>\n<td width=\"113\">\u00a0<\/td>\n<td width=\"108\">\u00a0<\/td>\n<\/tr>\n<tr>\n<td>\u00a0<\/td>\n<td width=\"179\">\u00a0<\/td>\n<td width=\"113\">\u00a0<\/td>\n<td width=\"108\">\u00a0<\/td>\n<\/tr>\n<tr>\n<td>\u00a0<\/td>\n<td>\n<h1><strong>SPODNJA IDRIJA<\/strong><\/h1>\n<\/td>\n<td>\u00a0<\/td>\n<td>\u00a0<\/td>\n<\/tr>\n<tr>\n<td>1<\/td>\n<td>KGZ IDRIJA z.o.o. (MESOTEKA PR&#8217; FAR)<\/td>\n<td>SLOVENSKA C. 27<\/td>\n<td>SPODNJA IDRIJA<\/td>\n<\/tr>\n<tr>\n<td>2<\/td>\n<td width=\"179\">KGZ IDRIJA z.o.o. (POSLOVALNICA SP.IDRIJA)<\/td>\n<td width=\"113\">NA VASI 32<\/td>\n<td width=\"108\">SPODNJA IDRIJA<\/td>\n<\/tr>\n<tr>\n<td>\u00a0<\/td>\n<td width=\"179\">\u00a0<\/td>\n<td width=\"113\">\u00a0<\/td>\n<td width=\"108\">\u00a0<\/td>\n<\/tr>\n<tr>\n<td>3<\/td>\n<td>KNJI\u017dNICA SPODNJA IDRIJA<\/td>\n<td>SLOVENSKA C. 15<\/td>\n<td>SPODNJA IDRIJA<\/td>\n<\/tr>\n<tr>\n<td>4<\/td>\n<td>VULKANIZERSTVO \u0160MIT<\/td>\n<td>SLOVENSKA CESTA 41<\/td>\n<td>SPODNJA IDRIJA<\/td>\n<\/tr>\n<tr>\n<td>\u00a0<\/td>\n<td>\u00a0<\/td>\n<td>\u00a0<\/td>\n<td>\u00a0<\/td>\n<\/tr>\n<tr>\n<td>\u00a0<\/td>\n<td>\n<h1><strong>\u010cRNI VRH<\/strong><\/h1>\n<\/td>\n<td>\u00a0<\/td>\n<td>\u00a0<\/td>\n<\/tr>\n<tr>\n<td>\u00a0<\/td>\n<td>\u00a0<\/td>\n<td>\u00a0<\/td>\n<td>\u00a0<\/td>\n<\/tr>\n<tr>\n<td>1<\/td>\n<td width=\"179\">KGZ IDRIJA Z.O.O. (POSLOVALNICA \u010cRNI VRH<\/td>\n<td width=\"113\">\u010cRNI VRH 84<\/td>\n<td width=\"108\">IDRIJA<\/td>\n<\/tr>\n<tr>\n<td>2<\/td>\n<td width=\"179\">DOM ZA STAREJ\u0160E OB\u010cANE BOR<\/td>\n<td width=\"113\">\u010cRNI VRH 120<\/td>\n<td width=\"108\">\u010cRNI VRH<\/td>\n<\/tr>\n<tr>\n<td>3<\/td>\n<td width=\"179\">KNJI\u017dNICA \u010cRNI VRH<\/td>\n<td width=\"113\">\u010cRNI VRH 82<\/td>\n<td width=\"108\">\u010cRNI VRH<\/td>\n<\/tr>\n<tr>\n<td>\u00a0<\/td>\n<td width=\"179\">\u00a0<\/td>\n<td width=\"113\">\u00a0<\/td>\n<td width=\"108\">\u00a0<\/td>\n<\/tr>\n<tr>\n<td>\u00a0<\/td>\n<td width=\"179\">\n<h1><strong>CERKNO<\/strong><\/h1>\n<\/td>\n<td width=\"113\">\u00a0<\/td>\n<td width=\"108\">\u00a0<\/td>\n<\/tr>\n<tr>\n<td>\u00a0<\/td>\n<td>\u00a0<\/td>\n<td>\u00a0<\/td>\n<td>\u00a0<\/td>\n<\/tr>\n<tr>\n<td>1<\/td>\n<td>TURISTI\u010cNO INFORMACIJSKI CENTER CERKNO<\/td>\n<td>GLAVNI TRG 5<\/td>\n<td>CERKNO<\/td>\n<\/tr>\n<tr>\n<td>2<\/td>\n<td>BEVKOVA KNJI\u017dNICA CERKNO<\/td>\n<td>PLATI\u0160EVA ULICA 5<\/td>\n<td>CERKNO<\/td>\n<\/tr>\n<tr>\n<td>3<\/td>\n<td width=\"179\">ZAVAROVALNICA GENERALI, PREDSTAVNI\u0160TVO CERKNO<\/td>\n<td>BEVKOVA ULICA 24<\/td>\n<td>CERKNO<\/td>\n<\/tr>\n<tr>\n<td>4<\/td>\n<td>C\u0160OD CERKNO<\/td>\n<td>BEVKOVA ULICA 22<\/td>\n<td>CERKNO<\/td>\n<\/tr>\n<\/tbody>\n<\/table>\n\n\n<p><\/p>\n","protected":false},"excerpt":{"rendered":"<p>KAJ so Varne to\u010dke? Varne to\u010dke so razli\u010dni javni prostori, kjer se nahajajo ljudje, ki so prostovoljno pripravljeni pomagati otrokom v stiski. Z otrokom se pogovorijo, mu svetujejo in pomagajo pri re\u0161evanju problema. \u00a0KJE so Varne to\u010dke? Varne to\u010dke se nahajajo ob \u0161olskih poteh, saj se tudi medvrstni\u0161ko nasilje najve\u010dkrat dogaja okoli in na poti &hellip; <\/p>\n<p class=\"link-more\"><a href=\"https:\/\/www.zpm-idrija.si\/?page_id=48\" class=\"more-link\">Preberi ve\u010d<span class=\"screen-reader-text\"> &#8220;Varne to\u010dke&#8221;<\/span><\/a><\/p>\n","protected":false},"author":1,"featured_media":5576,"parent":0,"menu_order":0,"comment_status":"closed","ping_status":"closed","template":"","meta":{"footnotes":""},"class_list":["post-48","page","type-page","status-publish","has-post-thumbnail","hentry"],"_links":{"self":[{"href":"https:\/\/www.zpm-idrija.si\/index.php?rest_route=\/wp\/v2\/pages\/48","targetHints":{"allow":["GET"]}}],"collection":[{"href":"https:\/\/www.zpm-idrija.si\/index.php?rest_route=\/wp\/v2\/pages"}],"about":[{"href":"https:\/\/www.zpm-idrija.si\/index.php?rest_route=\/wp\/v2\/types\/page"}],"author":[{"embeddable":true,"href":"https:\/\/www.zpm-idrija.si\/index.php?rest_route=\/wp\/v2\/users\/1"}],"replies":[{"embeddable":true,"href":"https:\/\/www.zpm-idrija.si\/index.php?rest_route=%2Fwp%2Fv2%2Fcomments&post=48"}],"version-history":[{"count":8,"href":"https:\/\/www.zpm-idrija.si\/index.php?rest_route=\/wp\/v2\/pages\/48\/revisions"}],"predecessor-version":[{"id":5459,"href":"https:\/\/www.zpm-idrija.si\/index.php?rest_route=\/wp\/v2\/pages\/48\/revisions\/5459"}],"wp:featuredmedia":[{"embeddable":true,"href":"https:\/\/www.zpm-idrija.si\/index.php?rest_route=\/wp\/v2\/media\/5576"}],"wp:attachment":[{"href":"https:\/\/www.zpm-idrija.si\/index.php?rest_route=%2Fwp%2Fv2%2Fmedia&parent=48"}],"curies":[{"name":"wp","href":"https:\/\/api.w.org\/{rel}","templated":true}]}}