{"id":47,"date":"2018-06-07T08:12:56","date_gmt":"2018-06-07T07:12:56","guid":{"rendered":"http:\/\/www.zpm-idrija.si\/?page_id=47"},"modified":"2026-03-06T11:49:13","modified_gmt":"2026-03-06T10:49:13","slug":"tom-telefon","status":"publish","type":"page","link":"https:\/\/www.zpm-idrija.si\/?page_id=47","title":{"rendered":"TOM telefon"},"content":{"rendered":"<p><strong>KAJ JE TOM TELEFON?<\/strong><\/p>\n<p class=\"selectionShareable\">TOM je telefon za otroke in mladostnike, ki deluje v okviru Zveze prijateljev mladine Slovenije (ZPMS). Ustanovljen je bil leta 1990 na pobudo Komisije za otrokove pravice pri ZPMS. Pet let kasneje je bila vzpostavljena nacionalna mre\u017ea, ki povezuje okoli 130 usposobljenih svetovalcev. Mre\u017eo sestavlja 9 svetovalnih skupin v Ljubljani, Mariboru, Murski Soboti, Slovenskih Konjicah, Velenju, Kr\u0161kem, <strong>Idriji<\/strong>, Ajdov\u0161\u010dini in Tolminu.<\/p>\n<p class=\"selectionShareable\"><img loading=\"lazy\" decoding=\"async\" class=\"size-medium wp-image-4026 alignright\" src=\"https:\/\/www.zpm-idrija.si\/wp-content\/uploads\/2023\/04\/logotip-Tom-300x283.jpg\" alt=\"\" width=\"300\" height=\"283\" srcset=\"https:\/\/www.zpm-idrija.si\/wp-content\/uploads\/2023\/04\/logotip-Tom-300x283.jpg 300w, https:\/\/www.zpm-idrija.si\/wp-content\/uploads\/2023\/04\/logotip-Tom-1024x968.jpg 1024w, https:\/\/www.zpm-idrija.si\/wp-content\/uploads\/2023\/04\/logotip-Tom-768x726.jpg 768w, https:\/\/www.zpm-idrija.si\/wp-content\/uploads\/2023\/04\/logotip-Tom-1536x1451.jpg 1536w, https:\/\/www.zpm-idrija.si\/wp-content\/uploads\/2023\/04\/logotip-Tom-2048x1935.jpg 2048w\" sizes=\"auto, (max-width: 300px) 100vw, 300px\" \/><span style=\"font-size: revert;\">V prvi vrsti je TOM nastal kot \u010dustvena opora otrokom in mladim, ki se v procesu odra\u0161\u010danja sre\u010dujejo z razli\u010dnimi vpra\u0161anji, dilemami ali stiskami. Na brezpla\u010dni telefonski \u0161tevilki <\/span><strong style=\"font-size: revert;\">116 111<\/strong><span style=\"font-size: revert;\">\u00a0lahko svetovalcem zaupajo svoje te\u017eave ali jih prosijo za nasvet in dodatne informacije. Anonimnost in zaupnost pogovora in klicateljev sta zagotovljeni. Na ta na\u010din \u017eelimo mlade vzpodbuditi k razvijanju samozavesti in komunikacijskih spretnosti ter jih pripraviti na samostojno re\u0161evanje konfliktnih situacij.<\/span><\/p>\n<p class=\"selectionShareable\">Za zagotavljanje celovitega osebnostnega in dru\u017ebenega razvoja otrok in mladostnikov se TOM navezuje na druge podobne projekte in programe, ki jim lahko nudijo neposredno pomo\u010d (npr. Svetovalni center za otroke in mladostnike, svetovalne slu\u017ebe na \u0161olah, centri za socialno delo, krizni center, zdravniki \u2013 ginekologi, drugi telefoni za klic v du\u0161evni stiski, druga dru\u0161tva in organizacije, ki se ukvarjajo z mladimi).<\/p>\n<p class=\"selectionShareable\">Na osnovi klicev vsako leto naredimo analizo, iz katere dobimo informacije o tem, kdo so na\u0161i klicatelji in kateri so njihovi najpogostej\u0161i problemi. Z izsledki analize seznanimo strokovno in \u0161ir\u0161o javnost. Kot najpomembnej\u0161e tematike svetovanja v zadnjem \u010dasu so izpostavljene teme, kot so ljubezen, telesni razvoj in spolnost, vrstniki, dru\u017eina in \u0161ola.<\/p>\n<hr \/>\n<p class=\"selectionShareable\">Mladi lahko pokli\u010dejo na TOM\u00a0<strong>vsak dan<\/strong>, tudi ob nedeljah in praznikih,\u00a0<strong>med 12. in 20. uro<\/strong>\u00a0na brezpla\u010dno \u0161tevilko\u00a0<strong>116 111,\u00a0<\/strong>nam pi\u0161ejo na<strong>\u00a0tom@zpms.si\u00a0<\/strong>ali na\u00a0<strong><a href=\"https:\/\/e-tom.si\/stopi-v-stik\/\" target=\"_blank\" rel=\"noopener noreferrer\">obrazec\u00a0<\/a><\/strong>oziroma\u00a0 klepetajo z nami na<strong>\u00a0s klikom na modri gumb desno spodaj.<\/strong><\/p>\n\n\n<figure class=\"wp-block-embed is-type-video is-provider-youtube wp-block-embed-youtube wp-embed-aspect-16-9 wp-has-aspect-ratio\"><div class=\"wp-block-embed__wrapper\">\n<iframe loading=\"lazy\" title=\"V stiski nismo sami - TOM telefon\" width=\"525\" height=\"295\" src=\"https:\/\/www.youtube.com\/embed\/ei2yWJmvziY?feature=oembed\" frameborder=\"0\" allow=\"accelerometer; autoplay; clipboard-write; encrypted-media; gyroscope; picture-in-picture; web-share\" referrerpolicy=\"strict-origin-when-cross-origin\" allowfullscreen><\/iframe>\n<\/div><\/figure>\n","protected":false},"excerpt":{"rendered":"<p>KAJ JE TOM TELEFON? TOM je telefon za otroke in mladostnike, ki deluje v okviru Zveze prijateljev mladine Slovenije (ZPMS). Ustanovljen je bil leta 1990 na pobudo Komisije za otrokove pravice pri ZPMS. Pet let kasneje je bila vzpostavljena nacionalna mre\u017ea, ki povezuje okoli 130 usposobljenih svetovalcev. Mre\u017eo sestavlja 9 svetovalnih skupin v Ljubljani, Mariboru, &hellip; <\/p>\n<p class=\"link-more\"><a href=\"https:\/\/www.zpm-idrija.si\/?page_id=47\" class=\"more-link\">Preberi ve\u010d<span class=\"screen-reader-text\"> &#8220;TOM telefon&#8221;<\/span><\/a><\/p>\n","protected":false},"author":1,"featured_media":4025,"parent":0,"menu_order":0,"comment_status":"closed","ping_status":"closed","template":"","meta":{"footnotes":""},"class_list":["post-47","page","type-page","status-publish","has-post-thumbnail","hentry"],"_links":{"self":[{"href":"https:\/\/www.zpm-idrija.si\/index.php?rest_route=\/wp\/v2\/pages\/47","targetHints":{"allow":["GET"]}}],"collection":[{"href":"https:\/\/www.zpm-idrija.si\/index.php?rest_route=\/wp\/v2\/pages"}],"about":[{"href":"https:\/\/www.zpm-idrija.si\/index.php?rest_route=\/wp\/v2\/types\/page"}],"author":[{"embeddable":true,"href":"https:\/\/www.zpm-idrija.si\/index.php?rest_route=\/wp\/v2\/users\/1"}],"replies":[{"embeddable":true,"href":"https:\/\/www.zpm-idrija.si\/index.php?rest_route=%2Fwp%2Fv2%2Fcomments&post=47"}],"version-history":[{"count":5,"href":"https:\/\/www.zpm-idrija.si\/index.php?rest_route=\/wp\/v2\/pages\/47\/revisions"}],"predecessor-version":[{"id":5497,"href":"https:\/\/www.zpm-idrija.si\/index.php?rest_route=\/wp\/v2\/pages\/47\/revisions\/5497"}],"wp:featuredmedia":[{"embeddable":true,"href":"https:\/\/www.zpm-idrija.si\/index.php?rest_route=\/wp\/v2\/media\/4025"}],"wp:attachment":[{"href":"https:\/\/www.zpm-idrija.si\/index.php?rest_route=%2Fwp%2Fv2%2Fmedia&parent=47"}],"curies":[{"name":"wp","href":"https:\/\/api.w.org\/{rel}","templated":true}]}}