{"id":46,"date":"2018-06-07T08:12:56","date_gmt":"2018-06-07T07:12:56","guid":{"rendered":"http:\/\/www.zpm-idrija.si\/?page_id=46"},"modified":"2025-05-13T08:33:32","modified_gmt":"2025-05-13T07:33:32","slug":"botrstvo","status":"publish","type":"page","link":"https:\/\/www.zpm-idrija.si\/?page_id=46","title":{"rendered":"Humanitarni programi"},"content":{"rendered":"<h1><strong>Botrstvo<\/strong><\/h1>\n<p style=\"margin-bottom: 19.5pt; text-align: justify;\"><span style=\"font-size: 11.5pt; font-family: 'Helvetica',sans-serif; color: #333333;\">Projekt Botrstvo v Sloveniji, ki deluje pod okriljem ZPM Ljubljana Moste Polje, je namenjen izbolj\u0161anju kakovosti \u017eivljenja otrokom in mladostnikom, ki \u017eivijo v Sloveniji. Glede na to, da rev\u0161\u010dina ne prizana\u0161a niti prebivalcem v ob\u010dinah Idrija in Cerkno smo se odlo\u010dili, da k projektu samostojno pristopimo tudi mi.<\/span><\/p>\n<p style=\"text-align: justify;\"><strong style=\"color: inherit; font-stretch: normal; font-style: inherit;\"><span style=\"font-size: 11.5pt; font-family: 'Helvetica',sans-serif; color: #333333;\">PRAVILA o delovanju projekta Botrstvo v Idriji si preberite&nbsp;<a href=\"https:\/\/www.zpm-idrija.si\/wp-content\/uploads\/2018\/06\/PRAVILA-BOTRSTVO-IDRIJA.pdf\">TUKAJ.<\/a><\/span><\/strong><\/p>\n<p style=\"margin-bottom: 19.5pt; font-stretch: normal; orphans: 2; text-align: start; widows: 2; -webkit-text-stroke-width: 0px; text-decoration-style: initial; text-decoration-color: initial; word-spacing: 0px;\"><span style=\"font-size: 11.5pt; font-family: 'Helvetica',sans-serif; color: #333333;\">Projektu se lahko kadarkoli prostovoljno pridru\u017eite z enostavno izpolnitvijo <a href=\"https:\/\/www.zpm-idrija.si\/wp-content\/uploads\/2018\/06\/Izjava-botri.doc\">pristopne izjave<\/a>, ki jo izpolnjeno po\u0161ljete na ZPM Idrija, Mestni trg 11, 5280 Idrija.<\/span><\/p>\n<p style=\"margin-bottom: 19.5pt; font-stretch: normal; orphans: 2; text-align: start; widows: 2; -webkit-text-stroke-width: 0px; text-decoration-style: initial; text-decoration-color: initial; word-spacing: 0px;\"><span style=\"font-size: 11.5pt; font-family: 'Helvetica',sans-serif; color: #333333;\">Po prejeti izjavi vam bomo dodelili otroka in vam ve\u010d informacij poslali po elektronski po\u0161ti ali po navadni po\u0161ti, \u010de boste tako \u017eeleli.<\/span><\/p>\n<p style=\"margin-bottom: 19.5pt; font-stretch: normal; orphans: 2; text-align: start; widows: 2; -webkit-text-stroke-width: 0px; text-decoration-style: initial; text-decoration-color: initial; word-spacing: 0px;\"><span style=\"font-size: 11.5pt; font-family: 'Helvetica',sans-serif; color: #333333;\">Botri svojim varovancem izbolj\u0161ujejo kvaliteto \u017eivljenja z mese\u010dnimi prispevki 30\u20ac ali enkratnim prispevkom v poljubnem znesku.<\/span><\/p>\n\n\n<h1 class=\"wp-block-heading\"><strong>Letovanja<\/strong>&nbsp;\u2013 Valovi otro\u0161kega smeha<\/h1>\n\n\n\n<p>Eden na\u0161ih glavnih humanitarnih programov so vsekakor na\u0161a poletna letovanja otrok. Zveza prijateljev mladine Idrija je organizator letovanj za otroke iz idrijskega in cerkljanskega \u017ee ve\u010d kot 50 let. Zanimanje za na\u0161a letovanja je iz leta v leto ve\u010dje, kar nam je v veliko zadovoljstvo in ponos. Udele\u017eba na letovanju v Pore\u010du otrokom predstavlja edinstveno izku\u0161njo v dru\u017ebi prijateljev ter v prvi vrsti krepi njihovo samostojnost. \u017dal pa vsem otrokom njihove dru\u017eine spro\u0161\u010dujo\u010dih in prijetnih po\u010ditni\u0161kih dni ne morejo omogo\u010diti, zato si mo\u010dno prizadevamo, da v okviru humantirane akcije Valovi otro\u0161kega smeha zbiramo sredstva, da tem otrokom omogo\u010dimo brezpla\u010dno ali pa vsaj subvencionirano ceno letovanja.<\/p>\n\n\n<\/p>\n<h1><strong>Po\u0161tar Pavli polni \u0161olske torbe<\/strong><\/h1>\n\n\n<p>Dobrodelna akcija Po\u0161tar Pavli polni \u0161olske torbe, je skupna akcija ZPMS in Po\u0161te Slovenije. Akcija poteka v juliju in avgustu, ko se na nacionalni ravni zbirajo sredstva in \u0161olske potreb\u0161\u010dine o po\u0161tnih izpostavah. ZPM Idrija poskrbi, da \u0161olske potreb\u0161\u010dine razdeli otrokom iz socialno \u0161ibkej\u0161ih dru\u017ein. <\/p>\n\n\n\n<h1 class=\"wp-block-heading\"><strong>Pomo\u010d pri nakupu delovnih zvezkov<\/strong><\/h1>\n\n\n\n<p>Ker je pred za\u010detkom \u0161olskega leta \u0161tevilnim dru\u017einam zelo te\u017eko, ker si ne morejo privo\u0161\u010diti nakupa delovnih zvezkov smo jim prisko\u010dili na pomo\u010d. S pomo\u010djo lokalnih donatorjev jim pomagamo pri nakupu potrebnih delovnih zvezkov. <\/p>\n\n\n\n<h1 class=\"wp-block-heading\"><strong>Trije zimski botri<\/strong><\/h1>\n\n\n\n<p>Akcija trije zimski botri je projekt treh prijateljic, ki je iz \u017eelje po obdarovanju vsaj nekaj pomo\u010di potrebnih otrok prerasel v vseslovensko akcijo, preko katere je bilo v preteklih letih zbranih in razdeljenih ve\u010d tiso\u010d daril za otroke iz socialno \u0161ibkej\u0161ih dru\u017ein. V projektu sodelujemo tudi mi saj poskrbimo, da pismo dobremu mo\u017eu napi\u0161ejo tudi otroci iz Idrijskega in Cerkljanskega.  Nato poskrbimo, da so darila pravo\u010dasno dostavljena na prave naslove. \u010ceprav razmere za marsikoga niso prav ro\u017enate na ta na\u010din poskrbimo, da je prazni\u010dni \u010das vsaj za na\u0161e najmlaj\u0161e pravlji\u010den.<\/p>\n\n\n\n<h1 class=\"wp-block-heading\"><strong>Akcija Ciciban &#8211; Cicido<\/strong><\/h1>\n\n\n\n<p>V okviru akcija Ciciban &#8211; Cicido v sodelovanju z Dru\u0161tvom bralna zna\u010dka obdarujemo otroke z brezpla\u010dnimi mese\u010dnimi naro\u010dninami na reviji Ciciban in Cicido. <\/p>\n\n\n\n<h1 class=\"wp-block-heading\"><\/h1>\n","protected":false},"excerpt":{"rendered":"<p>Botrstvo Projekt Botrstvo v Sloveniji, ki deluje pod okriljem ZPM Ljubljana Moste Polje, je namenjen izbolj\u0161anju kakovosti \u017eivljenja otrokom in mladostnikom, ki \u017eivijo v Sloveniji. Glede na to, da rev\u0161\u010dina ne prizana\u0161a niti prebivalcem v ob\u010dinah Idrija in Cerkno smo se odlo\u010dili, da k projektu samostojno pristopimo tudi mi. PRAVILA o delovanju projekta Botrstvo v &hellip; <\/p>\n<p class=\"link-more\"><a href=\"https:\/\/www.zpm-idrija.si\/?page_id=46\" class=\"more-link\">Preberi ve\u010d<span class=\"screen-reader-text\"> &#8220;Humanitarni programi&#8221;<\/span><\/a><\/p>\n","protected":false},"author":1,"featured_media":4036,"parent":0,"menu_order":3,"comment_status":"closed","ping_status":"closed","template":"","meta":{"footnotes":""},"class_list":["post-46","page","type-page","status-publish","has-post-thumbnail","hentry"],"_links":{"self":[{"href":"https:\/\/www.zpm-idrija.si\/index.php?rest_route=\/wp\/v2\/pages\/46","targetHints":{"allow":["GET"]}}],"collection":[{"href":"https:\/\/www.zpm-idrija.si\/index.php?rest_route=\/wp\/v2\/pages"}],"about":[{"href":"https:\/\/www.zpm-idrija.si\/index.php?rest_route=\/wp\/v2\/types\/page"}],"author":[{"embeddable":true,"href":"https:\/\/www.zpm-idrija.si\/index.php?rest_route=\/wp\/v2\/users\/1"}],"replies":[{"embeddable":true,"href":"https:\/\/www.zpm-idrija.si\/index.php?rest_route=%2Fwp%2Fv2%2Fcomments&post=46"}],"version-history":[{"count":7,"href":"https:\/\/www.zpm-idrija.si\/index.php?rest_route=\/wp\/v2\/pages\/46\/revisions"}],"predecessor-version":[{"id":4929,"href":"https:\/\/www.zpm-idrija.si\/index.php?rest_route=\/wp\/v2\/pages\/46\/revisions\/4929"}],"wp:featuredmedia":[{"embeddable":true,"href":"https:\/\/www.zpm-idrija.si\/index.php?rest_route=\/wp\/v2\/media\/4036"}],"wp:attachment":[{"href":"https:\/\/www.zpm-idrija.si\/index.php?rest_route=%2Fwp%2Fv2%2Fmedia&parent=46"}],"curies":[{"name":"wp","href":"https:\/\/api.w.org\/{rel}","templated":true}]}}