{"id":45,"date":"2018-06-07T08:12:56","date_gmt":"2018-06-07T07:12:56","guid":{"rendered":"http:\/\/www.zpm-idrija.si\/?page_id=45"},"modified":"2026-03-06T10:26:07","modified_gmt":"2026-03-06T09:26:07","slug":"donacije-in-donatorji","status":"publish","type":"page","link":"https:\/\/www.zpm-idrija.si\/?page_id=45","title":{"rendered":"Donirajte"},"content":{"rendered":"<p><a href=\"https:\/\/www.zpm-idrija.si\/?page_id=1675\">DONATORJI V LETU 2025<\/a><\/p>\n<p><strong>Odstop 1% dohodnine<\/strong><\/p>\n<p>Ste vedeli, da lahko 1% dohodnine odstopite nevladnim organizacijam kot je ZPM Idrija.\u00a0Vsak, ki v Sloveniji pla\u010duje dohodnino, lahko do 1 % svoje dohodnine nameni nevladnim organizacijam. Vsak dav\u010dni zavezanec lahko izbere do najve\u010d pet organizacij in s tem en odstotek svoje dohodnine nameni za njihovo delovanje. Tak\u0161na donacija ga ni\u010d ne stane, saj gre teh pol odstotka sicer v dr\u017eavni prora\u010dun.<\/p>\n<p>To storite tako, da izpolnite zahtevo za namenitev dela dohodnine, jo podpi\u0161ete in oddate na najbli\u017eji dav\u010dni urad. Lahko jo oddate tudi v nabiralnik ZPM Idrija na Mestnem trgu 11 in bomo mi poskrbeli za oddajo.<\/p>\n<p><a href=\"https:\/\/www.zpm-idrija.si\/wp-content\/uploads\/2021\/02\/dobrodelen_pdf.html.pdf\">OBRAZEC odstop dohodnine<\/a><\/p>\n<p>Druga mo\u017enost je, da zahtevo uredite v e-davkih na povezavi:\u00a0<a href=\"https:\/\/edavki.durs.si\/EdavkiPortal\/OpenPortal\/CommonPages\/Opdynp\/PageA.aspx\">https:\/\/edavki.durs.si\/EdavkiPortal\/OpenPortal\/CommonPages\/Opdynp\/PageA.aspx<\/a><\/p>\n<p><strong>KAKO \u0160E LAHKO POMAGATE?<\/strong><\/p>\n<p>Z nakazilom donacije.<\/p>\n<p style=\"margin-bottom: 19.5pt; font-stretch: normal; orphans: 2; text-align: start; widows: 2; -webkit-text-stroke-width: 0px; text-decoration-style: initial; text-decoration-color: initial; word-spacing: 0px;\"><span style=\"font-size: 11.5pt; font-family: 'Helvetica',sans-serif; color: #333333;\">Podatki za donacijo:<\/span><\/p>\n<p style=\"margin-bottom: 19.5pt; font-stretch: normal; orphans: 2; text-align: start; widows: 2; -webkit-text-stroke-width: 0px; text-decoration-style: initial; text-decoration-color: initial; word-spacing: 0px;\"><em style=\"color: inherit; font-stretch: normal; font-weight: inherit;\"><b><span style=\"font-size: 11.5pt; font-family: 'Helvetica',sans-serif; color: #333333;\">ZPM IDRIJA<\/span><\/b><\/em><b><i><span style=\"font-size: 11.5pt; font-family: 'Helvetica',sans-serif; color: #333333;\"><br style=\"color: inherit; font-stretch: normal; font-style: inherit; font-weight: inherit;\" \/><em style=\"color: inherit; font-stretch: normal; font-weight: inherit;\"><span style=\"font-family: 'Helvetica',sans-serif;\">Mestni trg 11, IDRIJA<\/span><\/em><br style=\"color: inherit; font-stretch: normal; font-style: inherit; font-weight: inherit;\" \/><em style=\"color: inherit; font-stretch: normal; font-weight: inherit;\"><span style=\"font-family: 'Helvetica',sans-serif;\">TRR: 0475 2000 0296 288 odprt pri OTP banka d.d.<\/span><\/em><\/span><\/i><\/b><\/p>\n<p><img loading=\"lazy\" decoding=\"async\" class=\"alignnone size-medium wp-image-4016\" src=\"https:\/\/www.zpm-idrija.si\/wp-content\/uploads\/2023\/04\/DONACIJE-QR-KODA-300x300.png\" alt=\"\" width=\"300\" height=\"300\" srcset=\"https:\/\/www.zpm-idrija.si\/wp-content\/uploads\/2023\/04\/DONACIJE-QR-KODA-300x300.png 300w, https:\/\/www.zpm-idrija.si\/wp-content\/uploads\/2023\/04\/DONACIJE-QR-KODA-150x150.png 150w, https:\/\/www.zpm-idrija.si\/wp-content\/uploads\/2023\/04\/DONACIJE-QR-KODA-100x100.png 100w, https:\/\/www.zpm-idrija.si\/wp-content\/uploads\/2023\/04\/DONACIJE-QR-KODA.png 740w\" sizes=\"auto, (max-width: 300px) 100vw, 300px\" \/><\/p>\n<p>Za delovanje ZPM Idrija so izjemnega pomena donacije s katerimi pokrivamo del stro\u0161kov izvedbe na\u0161ih programov.<\/p>\n\n\n<p><\/p>\n","protected":false},"excerpt":{"rendered":"<p>DONATORJI V LETU 2025 Odstop 1% dohodnine Ste vedeli, da lahko 1% dohodnine odstopite nevladnim organizacijam kot je ZPM Idrija.\u00a0Vsak, ki v Sloveniji pla\u010duje dohodnino, lahko do 1 % svoje dohodnine nameni nevladnim organizacijam. Vsak dav\u010dni zavezanec lahko izbere do najve\u010d pet organizacij in s tem en odstotek svoje dohodnine nameni za njihovo delovanje. Tak\u0161na &hellip; <\/p>\n<p class=\"link-more\"><a href=\"https:\/\/www.zpm-idrija.si\/?page_id=45\" class=\"more-link\">Preberi ve\u010d<span class=\"screen-reader-text\"> &#8220;Donirajte&#8221;<\/span><\/a><\/p>\n","protected":false},"author":1,"featured_media":4033,"parent":0,"menu_order":2,"comment_status":"closed","ping_status":"closed","template":"","meta":{"footnotes":""},"class_list":["post-45","page","type-page","status-publish","has-post-thumbnail","hentry"],"_links":{"self":[{"href":"https:\/\/www.zpm-idrija.si\/index.php?rest_route=\/wp\/v2\/pages\/45","targetHints":{"allow":["GET"]}}],"collection":[{"href":"https:\/\/www.zpm-idrija.si\/index.php?rest_route=\/wp\/v2\/pages"}],"about":[{"href":"https:\/\/www.zpm-idrija.si\/index.php?rest_route=\/wp\/v2\/types\/page"}],"author":[{"embeddable":true,"href":"https:\/\/www.zpm-idrija.si\/index.php?rest_route=\/wp\/v2\/users\/1"}],"replies":[{"embeddable":true,"href":"https:\/\/www.zpm-idrija.si\/index.php?rest_route=%2Fwp%2Fv2%2Fcomments&post=45"}],"version-history":[{"count":27,"href":"https:\/\/www.zpm-idrija.si\/index.php?rest_route=\/wp\/v2\/pages\/45\/revisions"}],"predecessor-version":[{"id":5494,"href":"https:\/\/www.zpm-idrija.si\/index.php?rest_route=\/wp\/v2\/pages\/45\/revisions\/5494"}],"wp:featuredmedia":[{"embeddable":true,"href":"https:\/\/www.zpm-idrija.si\/index.php?rest_route=\/wp\/v2\/media\/4033"}],"wp:attachment":[{"href":"https:\/\/www.zpm-idrija.si\/index.php?rest_route=%2Fwp%2Fv2%2Fmedia&parent=45"}],"curies":[{"name":"wp","href":"https:\/\/api.w.org\/{rel}","templated":true}]}}