{"id":4028,"date":"2023-04-20T09:02:38","date_gmt":"2023-04-20T08:02:38","guid":{"rendered":"http:\/\/www.zpm-idrija.si\/?page_id=4028"},"modified":"2026-03-27T13:06:56","modified_gmt":"2026-03-27T12:06:56","slug":"otroski-parlamenti","status":"publish","type":"page","link":"https:\/\/www.zpm-idrija.si\/?page_id=4028","title":{"rendered":"Otro\u0161ki parlamenti"},"content":{"rendered":"\n<p>Aktualna zapisnika Medob\u010dinskega otro\u0161kega parlamenta na temo \u0160OLSKI SISTEM:<\/p>\n\n\n\n<div class=\"wp-block-buttons is-layout-flex wp-block-buttons-is-layout-flex\">\n<div class=\"wp-block-button\"><a class=\"wp-block-button__link wp-element-button\" href=\"https:\/\/www.zpm-idrija.si\/wp-content\/uploads\/2026\/03\/Zapisnik-Medobcinski-otroski-parlament-2025.pdf\" target=\"_blank\" rel=\"noreferrer noopener\">2024-2025<\/a><\/div>\n\n\n\n<div class=\"wp-block-button\"><a class=\"wp-block-button__link wp-element-button\" href=\"https:\/\/www.zpm-idrija.si\/wp-content\/uploads\/2026\/03\/Zapisnik-36.-medobcinskega-otroskega-parlamenta.docx\">2025-2026<\/a><\/div>\n<\/div>\n\n\n\n<p><\/p>\n\n\n\n<p>Otro\u0161ki parlamenti so program vzgoje otrok za aktivno dr\u017eavljanstvo in demokracijo. Otroke spodbujamo k sodelovanju v dru\u017ebenem \u017eivljenju (participacija) in izobra\u017eujemo o \u010dlovekovih in dr\u017eavljanskih pravicah. Kot oblike demokrati\u010dnega dialoga se izvajajo v ve\u010dini osnovnih \u0161ol po Sloveniji, nadgradijo se s parlamenti na ob\u010dinski in regionalni ravni in se zaklju\u010dijo na nacionalnem otro\u0161kem parlamentu.<\/p>\n\n\n\n<p>Program izvajamo \u017ee&nbsp;od leta 1990&nbsp;in pomeni eno od izvirnih oblik&nbsp;spodbujanja otrok k izra\u017eanju lastnih mnenj&nbsp;o vpra\u0161anjih, ki jih izberejo sami. V programu sodelujejo ob podpori mentorjev na \u0161olah in lokalnih ter regijskih koordinatorjev.<\/p>\n\n\n\n<p><strong>Kako poteka?<\/strong><\/p>\n\n\n\n<p>Otro\u0161ki parlamenti delujejo v obliki zasedanj (razprav), ki omogo\u010dajo sodelovanje vsem osnovno\u0161olcem. Zasedanja potekajo v osnovnih \u0161olah v razrednih skupnostih in na \u0161olskem parlamentu. V vsaki \u0161oli u\u010denci izberejo delegacijo za ob\u010dinski otro\u0161ki parlament. Na medob\u010dinskem otro\u0161kem parlamentu izberejo delegacijo za regijski otro\u0161ki parlament in nacionalni otro\u0161ki parlament kjer predstavniki zastopajo interese vrstnikov. <\/p>\n\n\n\n<p><strong>Teme otro\u0161kih parlamentov<\/strong>:<\/p>\n\n\n\n<p class=\"has-text-align-left\">\u0160olsko leto <strong>2025\/26<\/strong> \u2013 36. otro\u0161ki parlament: \u0160OLSKI SISTEM<br>\u0160olsko leto <strong>2024\/25<\/strong> \u2013 35. otro\u0161ki parlament: \u0160OLSKI SISTEM<br>\u0160olsko leto <strong>2023\/24<\/strong> \u2013 34. otro\u0161ki parlament: DU\u0160EVNO ZDRAVJE OTROK IN MLADIH<br>\u0160olsko leto <strong>2022\/23<\/strong> \u2013 33. otro\u0161ki parlament: DU\u0160EVNO ZDRAVJE OTROK IN MLADIH<br>\u0160olsko leto <strong>2021\/22<\/strong> \u2013 32. otro\u0161ki parlament: MOJA POKLICNA PRIHODNOST<br>\u0160olsko leto <strong>2020\/21<\/strong> \u2013 31. otro\u0161ki parlament: MOJA POKLICNA PRIHODNOST<br>\u0160olsko leto <strong>2019\/20<\/strong> \u2013 30. otro\u0161ki parlament: MOJA POKLICNA PRIHODNOST<br>\u0160olsko leto <strong>2018\/19<\/strong> \u2013 29. otro\u0161ki parlament: \u0160OLSTVO IN \u0160OLSKI SISTEM<br>\u0160olsko leto <strong>2017\/18<\/strong> \u2013 28. otro\u0161ki parlament: \u0160OLSTVO IN \u0160OLSKI SISTEM<br>\u0160olsko leto <strong>2016\/17<\/strong> \u2013 27. otro\u0161ki parlament: OTROCI IN NA\u010cRTOVANJE PRIHODNOSTI<br>\u0160olsko leto <strong>2015\/16<\/strong> \u2013 26. otro\u0161ki parlament: PASTI MLADOSTNI\u0160TVA<br>\u0160olsko leto <strong>2014\/15<\/strong> \u2013 25. otro\u0161ki parlament: IZOBRA\u017dEVANJE IN POKLICNA ORIENTACIJA<br>\u0160olsko leto <strong>2013\/14<\/strong> \u2013 24. otro\u0161ki parlament: RAZMERE V DRU\u017dBI<br>\u0160olsko leto <strong>2012\/13<\/strong> \u2013 23. otro\u0161ki parlament: ODRA\u0160\u010cANJE<br>\u0160olsko leto <strong>2011\/12<\/strong> \u2013 22. otro\u0161ki parlament: JUNAKI NA\u0160EGA \u010cASA \u2013 KDO SO IN ZAKAJ?<br>\u0160olsko leto <strong>2010\/11<\/strong> \u2013 21. otro\u0161ki parlament: VPLIV DRU\u017dBE IN MEDIJEV NA OBLIKOVANJE MLADOSTNIKA<br>\u0160olsko leto <strong>2009\/10<\/strong> \u2013 20. otro\u0161ki parlament: STEREOTIPI, RASIZEM IN DISKRIMINACIJA<br>\u0160olsko leto <strong>2008\/09<\/strong> \u2013 19. otro\u0161ki parlament: LJUBEZEN IN SPOLNOST<br>\u0160olsko leto <strong>2007\/08<\/strong> \u2013 18. otro\u0161ki parlament: ZABAVA IN PROSTI \u010cAS MLADIH<br>\u0160olsko leto <strong>2006\/07<\/strong> \u2013 17. otro\u0161ki parlament: NA\u0160E MNENJE O DEVETLETKI<br>\u0160olsko leto <strong>2005\/06<\/strong> \u2013 16. otro\u0161ki parlament: TABUJI \u2013 PREPOVEDANE STVARI<br>\u0160olsko leto <strong>2004\/05<\/strong> \u2013 15. otro\u0161ki parlament: MLADI IN EVROPA<br>\u0160olsko leto <strong>2003\/04<\/strong> \u2013 14. otro\u0161ki parlament: HUMANI MEDOSEBNI ODNOSI IN ZDRAVA SPOLNOST<br>\u0160olsko leto <strong>2002\/03<\/strong> \u2013 13. otro\u0161ki parlament: OTRO\u0160TVO BREZ NASILJA IN ZLORAB<br>\u0160olsko leto <strong>2001\/02<\/strong> \u2013 12. otro\u0161ki parlament: MOJ PROSTI \u010cAS<br>\u0160olsko leto <strong>2000\/01<\/strong> \u2013 11. otro\u0161ki parlament: HO\u010cEM, TOREJ ZMOREM<br>\u0160olsko leto <strong>1999\/00<\/strong> \u2013 10. otro\u0161ki parlament: IMAVA SE RADA<br>\u0160olsko leto <strong>1998\/99<\/strong> \u2013 9. otro\u0161ki parlament: OTROCI IN MEDIJI<br>\u0160olsko leto <strong>1997\/98<\/strong> \u2013 8. otro\u0161ki parlament: DANES SEM TI IN TI SI JAZ<br>\u0160olsko leto <strong>1996\/97<\/strong> \u2013 7. otro\u0161ki parlament: IMAM PRAVICO \u2013 IMA\u0160 PRAVICO<br>\u0160olsko leto <strong>1995\/96<\/strong> \u2013 6. otro\u0161ki parlament: DA BI ZMOGEL RE\u010cI: NE, HVALA \u2013 ALKOHOLU, CIGARETAM, DROGAM IN VSEM OBLIKAM NESTRPNOSTI<br>\u0160olsko leto <strong>1994\/95<\/strong> \u2013 5. otro\u0161ki parlament: MO\u010c PRIJAZNE BESEDE<br>\u0160olsko leto <strong>1993\/94<\/strong> \u2013 4. otro\u0161ki parlament: BREZ NASILJA ZA PRIJATELJSTVO<br>\u0160olsko leto <strong>1992\/93<\/strong> \u2013 3. otro\u0161ki parlament: OTROKOM PRIJAZNO \u0160OLO<br>\u0160olsko leto <strong>1991\/92<\/strong> \u2013 2. otro\u0161ki parlament: PROSTI \u010cAS<br>\u0160olsko leto <strong>1990\/91<\/strong> \u2013 1. otro\u0161ki parlament: OTROKOM ZDRAVO IN VARNO OKOLJE<\/p>\n\n\n\n<p><\/p>\n","protected":false},"excerpt":{"rendered":"<p>Aktualna zapisnika Medob\u010dinskega otro\u0161kega parlamenta na temo \u0160OLSKI SISTEM: Otro\u0161ki parlamenti so program vzgoje otrok za aktivno dr\u017eavljanstvo in demokracijo. Otroke spodbujamo k sodelovanju v dru\u017ebenem \u017eivljenju (participacija) in izobra\u017eujemo o \u010dlovekovih in dr\u017eavljanskih pravicah. Kot oblike demokrati\u010dnega dialoga se izvajajo v ve\u010dini osnovnih \u0161ol po Sloveniji, nadgradijo se s parlamenti na ob\u010dinski in regionalni &hellip; <\/p>\n<p class=\"link-more\"><a href=\"https:\/\/www.zpm-idrija.si\/?page_id=4028\" class=\"more-link\">Preberi ve\u010d<span class=\"screen-reader-text\"> &#8220;Otro\u0161ki parlamenti&#8221;<\/span><\/a><\/p>\n","protected":false},"author":1,"featured_media":5577,"parent":0,"menu_order":0,"comment_status":"closed","ping_status":"closed","template":"","meta":{"footnotes":""},"class_list":["post-4028","page","type-page","status-publish","has-post-thumbnail","hentry"],"_links":{"self":[{"href":"https:\/\/www.zpm-idrija.si\/index.php?rest_route=\/wp\/v2\/pages\/4028","targetHints":{"allow":["GET"]}}],"collection":[{"href":"https:\/\/www.zpm-idrija.si\/index.php?rest_route=\/wp\/v2\/pages"}],"about":[{"href":"https:\/\/www.zpm-idrija.si\/index.php?rest_route=\/wp\/v2\/types\/page"}],"author":[{"embeddable":true,"href":"https:\/\/www.zpm-idrija.si\/index.php?rest_route=\/wp\/v2\/users\/1"}],"replies":[{"embeddable":true,"href":"https:\/\/www.zpm-idrija.si\/index.php?rest_route=%2Fwp%2Fv2%2Fcomments&post=4028"}],"version-history":[{"count":14,"href":"https:\/\/www.zpm-idrija.si\/index.php?rest_route=\/wp\/v2\/pages\/4028\/revisions"}],"predecessor-version":[{"id":5531,"href":"https:\/\/www.zpm-idrija.si\/index.php?rest_route=\/wp\/v2\/pages\/4028\/revisions\/5531"}],"wp:featuredmedia":[{"embeddable":true,"href":"https:\/\/www.zpm-idrija.si\/index.php?rest_route=\/wp\/v2\/media\/5577"}],"wp:attachment":[{"href":"https:\/\/www.zpm-idrija.si\/index.php?rest_route=%2Fwp%2Fv2%2Fmedia&parent=4028"}],"curies":[{"name":"wp","href":"https:\/\/api.w.org\/{rel}","templated":true}]}}