{"id":2819,"date":"2022-04-25T09:18:36","date_gmt":"2022-04-25T08:18:36","guid":{"rendered":"http:\/\/www.zpm-idrija.si\/?page_id=2819"},"modified":"2022-05-19T10:57:01","modified_gmt":"2022-05-19T09:57:01","slug":"nakazilo-donacije","status":"publish","type":"page","link":"https:\/\/www.zpm-idrija.si\/?page_id=2819","title":{"rendered":"Nakazilo donacije"},"content":{"rendered":"<p>Za delovanje ZPM Idrija so izjemnega pomena donacije s katerimi pokrivamo del stro\u0161kov izvedbe na\u0161ih programov. Vsi, ki bi \u017eeleli finan\u010dno pomagati lahko storite z nakazilom donacije na transakcijski ra\u010dun.<\/p>\n<p><em><b>ZPM IDRIJA,\u00a0<\/b><\/em><b><i><em>Mestni trg 11, 5280 Idrija<br \/>\n<\/em><\/i><\/b><b><i><em>TRR: 0475 2000 0296 288 <\/em><\/i><\/b><i><em>odprt pri<\/em><\/i><b><i><em> Novi KBM d.d.<br \/>\n<\/em><\/i><\/b><i>koda namena: <strong>CHAR<br \/>\n<\/strong><\/i>namen: <strong>donacija za program ZPM Idrija<\/strong><\/p>\n<p><img loading=\"lazy\" decoding=\"async\" class=\"alignnone size-medium wp-image-2820\" src=\"https:\/\/www.zpm-idrija.si\/wp-content\/uploads\/2022\/04\/QR-KODA-300x300.png\" alt=\"\" width=\"300\" height=\"300\" srcset=\"https:\/\/www.zpm-idrija.si\/wp-content\/uploads\/2022\/04\/QR-KODA-300x300.png 300w, https:\/\/www.zpm-idrija.si\/wp-content\/uploads\/2022\/04\/QR-KODA-150x150.png 150w, https:\/\/www.zpm-idrija.si\/wp-content\/uploads\/2022\/04\/QR-KODA-768x766.png 768w, https:\/\/www.zpm-idrija.si\/wp-content\/uploads\/2022\/04\/QR-KODA-100x100.png 100w, https:\/\/www.zpm-idrija.si\/wp-content\/uploads\/2022\/04\/QR-KODA.png 772w\" sizes=\"auto, (max-width: 300px) 100vw, 300px\" \/><\/p>\n","protected":false},"excerpt":{"rendered":"<p>Za delovanje ZPM Idrija so izjemnega pomena donacije s katerimi pokrivamo del stro\u0161kov izvedbe na\u0161ih programov. Vsi, ki bi \u017eeleli finan\u010dno pomagati lahko storite z nakazilom donacije na transakcijski ra\u010dun. ZPM IDRIJA,\u00a0Mestni trg 11, 5280 Idrija TRR: 0475 2000 0296 288 odprt pri Novi KBM d.d. koda namena: CHAR namen: donacija za program ZPM Idrija<\/p>\n","protected":false},"author":1,"featured_media":0,"parent":45,"menu_order":1,"comment_status":"closed","ping_status":"closed","template":"","meta":{"footnotes":""},"class_list":["post-2819","page","type-page","status-publish","hentry"],"_links":{"self":[{"href":"https:\/\/www.zpm-idrija.si\/index.php?rest_route=\/wp\/v2\/pages\/2819","targetHints":{"allow":["GET"]}}],"collection":[{"href":"https:\/\/www.zpm-idrija.si\/index.php?rest_route=\/wp\/v2\/pages"}],"about":[{"href":"https:\/\/www.zpm-idrija.si\/index.php?rest_route=\/wp\/v2\/types\/page"}],"author":[{"embeddable":true,"href":"https:\/\/www.zpm-idrija.si\/index.php?rest_route=\/wp\/v2\/users\/1"}],"replies":[{"embeddable":true,"href":"https:\/\/www.zpm-idrija.si\/index.php?rest_route=%2Fwp%2Fv2%2Fcomments&post=2819"}],"version-history":[{"count":7,"href":"https:\/\/www.zpm-idrija.si\/index.php?rest_route=\/wp\/v2\/pages\/2819\/revisions"}],"predecessor-version":[{"id":2886,"href":"https:\/\/www.zpm-idrija.si\/index.php?rest_route=\/wp\/v2\/pages\/2819\/revisions\/2886"}],"up":[{"embeddable":true,"href":"https:\/\/www.zpm-idrija.si\/index.php?rest_route=\/wp\/v2\/pages\/45"}],"wp:attachment":[{"href":"https:\/\/www.zpm-idrija.si\/index.php?rest_route=%2Fwp%2Fv2%2Fmedia&parent=2819"}],"curies":[{"name":"wp","href":"https:\/\/api.w.org\/{rel}","templated":true}]}}