{"id":2000,"date":"2021-05-25T12:11:18","date_gmt":"2021-05-25T11:11:18","guid":{"rendered":"http:\/\/www.zpm-idrija.si\/?page_id=2000"},"modified":"2026-02-03T12:55:41","modified_gmt":"2026-02-03T11:55:41","slug":"mladi-za-otroke","status":"publish","type":"page","link":"https:\/\/www.zpm-idrija.si\/?page_id=2000","title":{"rendered":"Mladi za otroke"},"content":{"rendered":"<p><a href=\"https:\/\/www.zpm-idrija.si\/wp-content\/uploads\/2021\/05\/mladi-za-otroke.jpg\"><img loading=\"lazy\" decoding=\"async\" class=\"aligncenter size-full wp-image-2001\" src=\"https:\/\/www.zpm-idrija.si\/wp-content\/uploads\/2021\/05\/mladi-za-otroke.jpg\" alt=\"\" width=\"940\" height=\"788\" srcset=\"https:\/\/www.zpm-idrija.si\/wp-content\/uploads\/2021\/05\/mladi-za-otroke.jpg 940w, https:\/\/www.zpm-idrija.si\/wp-content\/uploads\/2021\/05\/mladi-za-otroke-300x251.jpg 300w, https:\/\/www.zpm-idrija.si\/wp-content\/uploads\/2021\/05\/mladi-za-otroke-768x644.jpg 768w\" sizes=\"auto, (max-width: 767px) 89vw, (max-width: 1000px) 54vw, (max-width: 1071px) 543px, 580px\" \/><\/a><\/p>\n<p><strong>Program<\/strong>: Evropska solidarnostna enota<br \/>\n<strong>Leto razpisa:<\/strong>\u00a02020<br \/>\n<strong>Trajanje projekta:<\/strong>\u00a04.6.-30.9.2021<\/p>\n<p>Mladi za otroke je prvi mednarodni prostovoljski projekt Zveze prijateljev mladine Idrija na katerem bomo gostili prostovoljko iz Ukrajine. Prostovoljka bo za \u010das trajanja projekta postala del ekipe ZPM in bo sodelovala pri izvedbi rednega programa na\u0161e organizacije ter s svojimi idejami soustvarjala dodatne vsebine.<\/p>\n<p>Osnovni cilj projekta je izpostaviti na\u0161e najmlaj\u0161e drugim kulturam in jezikom, kar bo nedvomno pozitivno pripomoglo k njihovemu socialnemu razvoju. Prostovoljko \u017eelimo vklju\u010diti v na\u0161e programe, preko katerih bo imela stik s celotno populacijo mesta in tako vse prebivalce izpostaviti pozitivnim vplivom mednarodnega povezovanja.<\/p>\n<p>Projekt nam predstavlja tudi odli\u010dno prilo\u017enost za osve\u0161\u010danje javnosti o pomenu solidarnosti, promocijo prostovoljstva in raz\u0161irjanje znanja o Evropski solidarnostni enoti in mednarodnih prilo\u017enostih za mlade.<\/p>\n<p><strong>Vrednost projekta:<\/strong>\u00a04.436,00 EUR<\/p>\n","protected":false},"excerpt":{"rendered":"<p>Program: Evropska solidarnostna enota Leto razpisa:\u00a02020 Trajanje projekta:\u00a04.6.-30.9.2021 Mladi za otroke je prvi mednarodni prostovoljski projekt Zveze prijateljev mladine Idrija na katerem bomo gostili prostovoljko iz Ukrajine. Prostovoljka bo za \u010das trajanja projekta postala del ekipe ZPM in bo sodelovala pri izvedbi rednega programa na\u0161e organizacije ter s svojimi idejami soustvarjala dodatne vsebine. Osnovni cilj &hellip; <\/p>\n<p class=\"link-more\"><a href=\"https:\/\/www.zpm-idrija.si\/?page_id=2000\" class=\"more-link\">Preberi ve\u010d<span class=\"screen-reader-text\"> &#8220;Mladi za otroke&#8221;<\/span><\/a><\/p>\n","protected":false},"author":1,"featured_media":0,"parent":1523,"menu_order":2,"comment_status":"closed","ping_status":"closed","template":"","meta":{"footnotes":""},"class_list":["post-2000","page","type-page","status-publish","hentry"],"_links":{"self":[{"href":"https:\/\/www.zpm-idrija.si\/index.php?rest_route=\/wp\/v2\/pages\/2000","targetHints":{"allow":["GET"]}}],"collection":[{"href":"https:\/\/www.zpm-idrija.si\/index.php?rest_route=\/wp\/v2\/pages"}],"about":[{"href":"https:\/\/www.zpm-idrija.si\/index.php?rest_route=\/wp\/v2\/types\/page"}],"author":[{"embeddable":true,"href":"https:\/\/www.zpm-idrija.si\/index.php?rest_route=\/wp\/v2\/users\/1"}],"replies":[{"embeddable":true,"href":"https:\/\/www.zpm-idrija.si\/index.php?rest_route=%2Fwp%2Fv2%2Fcomments&post=2000"}],"version-history":[{"count":6,"href":"https:\/\/www.zpm-idrija.si\/index.php?rest_route=\/wp\/v2\/pages\/2000\/revisions"}],"predecessor-version":[{"id":2015,"href":"https:\/\/www.zpm-idrija.si\/index.php?rest_route=\/wp\/v2\/pages\/2000\/revisions\/2015"}],"up":[{"embeddable":true,"href":"https:\/\/www.zpm-idrija.si\/index.php?rest_route=\/wp\/v2\/pages\/1523"}],"wp:attachment":[{"href":"https:\/\/www.zpm-idrija.si\/index.php?rest_route=%2Fwp%2Fv2%2Fmedia&parent=2000"}],"curies":[{"name":"wp","href":"https:\/\/api.w.org\/{rel}","templated":true}]}}