{"id":1890,"date":"2020-12-03T12:47:51","date_gmt":"2020-12-03T11:47:51","guid":{"rendered":"http:\/\/www.zpm-idrija.si\/?page_id=1890"},"modified":"2022-04-25T11:25:27","modified_gmt":"2022-04-25T10:25:27","slug":"odstop-05-dohodnine","status":"publish","type":"page","link":"https:\/\/www.zpm-idrija.si\/?page_id=1890","title":{"rendered":"Odstop 1% dohodnine"},"content":{"rendered":"<p>Ste vedeli, da lahko 1% dohodnine odstopite nevladnim organizacijam kot je ZPM Idrija.\u00a0Vsak, ki v Sloveniji pla\u010duje dohodnino, lahko do 1 % svoje dohodnine nameni nevladnim organizacijam. Vsak dav\u010dni zavezanec lahko izbere do najve\u010d pet organizacij in s tem en odstotek svoje dohodnine nameni za njihovo delovanje. Tak\u0161na donacija ga ni\u010d ne stane, saj gre teh pol odstotka sicer v dr\u017eavni prora\u010dun.<\/p>\n<p>To storite tako, da izpolnite zahtevo za namenitev dela dohodnine, jo podpi\u0161ete in oddate na najbli\u017eji dav\u010dni urad. Lahko jo oddate tudi v nabiralnik ZPM Idrija na Mestnem trgu 11 in bomo mi poskrbeli za oddajo.<\/p>\n<p><a href=\"https:\/\/www.zpm-idrija.si\/wp-content\/uploads\/2022\/04\/obrazec_enprocent-1.pdf\">Obrazec za namenitev dela DOHODNINE<\/a><\/p>\n<p>Druga mo\u017enost je, da zahtevo uredite v e-davkih na povezavi:\u00a0<a href=\"https:\/\/edavki.durs.si\/EdavkiPortal\/OpenPortal\/CommonPages\/Opdynp\/PageA.aspx\">https:\/\/edavki.durs.si\/EdavkiPortal\/OpenPortal\/CommonPages\/Opdynp\/PageA.aspx<\/a><\/p>\n<p>&nbsp;<\/p>\n","protected":false},"excerpt":{"rendered":"<p>Ste vedeli, da lahko 1% dohodnine odstopite nevladnim organizacijam kot je ZPM Idrija.\u00a0Vsak, ki v Sloveniji pla\u010duje dohodnino, lahko do 1 % svoje dohodnine nameni nevladnim organizacijam. Vsak dav\u010dni zavezanec lahko izbere do najve\u010d pet organizacij in s tem en odstotek svoje dohodnine nameni za njihovo delovanje. Tak\u0161na donacija ga ni\u010d ne stane, saj gre &hellip; <\/p>\n<p class=\"link-more\"><a href=\"https:\/\/www.zpm-idrija.si\/?page_id=1890\" class=\"more-link\">Preberi ve\u010d<span class=\"screen-reader-text\"> &#8220;Odstop 1% dohodnine&#8221;<\/span><\/a><\/p>\n","protected":false},"author":1,"featured_media":0,"parent":45,"menu_order":3,"comment_status":"closed","ping_status":"closed","template":"","meta":{"footnotes":""},"class_list":["post-1890","page","type-page","status-publish","hentry"],"_links":{"self":[{"href":"https:\/\/www.zpm-idrija.si\/index.php?rest_route=\/wp\/v2\/pages\/1890","targetHints":{"allow":["GET"]}}],"collection":[{"href":"https:\/\/www.zpm-idrija.si\/index.php?rest_route=\/wp\/v2\/pages"}],"about":[{"href":"https:\/\/www.zpm-idrija.si\/index.php?rest_route=\/wp\/v2\/types\/page"}],"author":[{"embeddable":true,"href":"https:\/\/www.zpm-idrija.si\/index.php?rest_route=\/wp\/v2\/users\/1"}],"replies":[{"embeddable":true,"href":"https:\/\/www.zpm-idrija.si\/index.php?rest_route=%2Fwp%2Fv2%2Fcomments&post=1890"}],"version-history":[{"count":5,"href":"https:\/\/www.zpm-idrija.si\/index.php?rest_route=\/wp\/v2\/pages\/1890\/revisions"}],"predecessor-version":[{"id":2847,"href":"https:\/\/www.zpm-idrija.si\/index.php?rest_route=\/wp\/v2\/pages\/1890\/revisions\/2847"}],"up":[{"embeddable":true,"href":"https:\/\/www.zpm-idrija.si\/index.php?rest_route=\/wp\/v2\/pages\/45"}],"wp:attachment":[{"href":"https:\/\/www.zpm-idrija.si\/index.php?rest_route=%2Fwp%2Fv2%2Fmedia&parent=1890"}],"curies":[{"name":"wp","href":"https:\/\/api.w.org\/{rel}","templated":true}]}}