{"id":1683,"date":"2020-03-16T12:11:51","date_gmt":"2020-03-16T11:11:51","guid":{"rendered":"http:\/\/www.zpm-idrija.si\/?page_id=1683"},"modified":"2026-03-18T08:31:29","modified_gmt":"2026-03-18T07:31:29","slug":"pocitnisko-varstvo","status":"publish","type":"page","link":"https:\/\/www.zpm-idrija.si\/?page_id=1683","title":{"rendered":"Po\u010ditni\u0161ko varstvo"},"content":{"rendered":"\n<p>Po\u010ditni\u0161ko varstvo bo med poletnimi po\u010ditnicami 2026 predvidoma potekalo od\u00a0<strong>ponedeljka 29. junija do petka 24. julija 2026<\/strong>, med tednom od 7.00 do 16.00.\u00a0\u00a0Varstvo se bo izvajalo v primeru zadostnega \u0161tevila prijav!<\/p>\n\n\n\n<p>V \u010dasu poletnih po\u010ditnic organiziramo\u00a0 dnevno varstvo za otroke od 1. do 5. razreda osnovne \u0161ole. Varstvo poteka vsak dan, od ponedeljka do petka, od 7.00 do 16.00 pod vodstvom dveh vzgojiteljev. V primeru velikega \u0161tevila prijavljenih otrok na pomo\u010d prisko\u010dijo tudi na\u0161i prostovoljci. Otroci v varstvu dobijo zajtrk, malico in toplo kosilo.<\/p>\n\n\n\n<p>Dopoldneve tako pre\u017eivljajo v dru\u017ebi prijateljev ob razli\u010dnih ustvarjalnih in \u0161portnih aktivnostih, ob igri na prostem in sprehodih v naravi. Vklju\u010dujemo se tudi v program Po\u010ditnikarije, kjer se odvijajo razli\u010dne delavnice in dogodki.<\/p>\n\n\n\n<figure class=\"wp-block-image\"><a href=\"https:\/\/www.zpm-idrija.si\/wp-content\/uploads\/2019\/07\/IMG_20190709_135907.jpg\"><img loading=\"lazy\" decoding=\"async\" width=\"768\" height=\"1024\" src=\"https:\/\/www.zpm-idrija.si\/wp-content\/uploads\/2019\/07\/IMG_20190709_135907-768x1024.jpg\" alt=\"\" class=\"wp-image-969\" srcset=\"https:\/\/www.zpm-idrija.si\/wp-content\/uploads\/2019\/07\/IMG_20190709_135907-768x1024.jpg 768w, https:\/\/www.zpm-idrija.si\/wp-content\/uploads\/2019\/07\/IMG_20190709_135907-225x300.jpg 225w\" sizes=\"auto, (max-width: 767px) 89vw, (max-width: 1000px) 54vw, (max-width: 1071px) 543px, 580px\" \/><\/a><\/figure>\n\n\n\n<p><\/p>\n\n\n\n<figure class=\"wp-block-image\"><a href=\"https:\/\/www.zpm-idrija.si\/wp-content\/uploads\/2019\/07\/IMG_20190709_113801.jpg\"><img loading=\"lazy\" decoding=\"async\" width=\"1024\" height=\"768\" src=\"https:\/\/www.zpm-idrija.si\/wp-content\/uploads\/2019\/07\/IMG_20190709_113801-1024x768.jpg\" alt=\"\" class=\"wp-image-967\" srcset=\"https:\/\/www.zpm-idrija.si\/wp-content\/uploads\/2019\/07\/IMG_20190709_113801-1024x768.jpg 1024w, https:\/\/www.zpm-idrija.si\/wp-content\/uploads\/2019\/07\/IMG_20190709_113801-300x225.jpg 300w, https:\/\/www.zpm-idrija.si\/wp-content\/uploads\/2019\/07\/IMG_20190709_113801-768x576.jpg 768w\" sizes=\"auto, (max-width: 767px) 89vw, (max-width: 1000px) 54vw, (max-width: 1071px) 543px, 580px\" \/><\/a><\/figure>\n\n\n\n<p><\/p>\n\n\n\n<figure class=\"wp-block-image\"><a href=\"https:\/\/www.zpm-idrija.si\/wp-content\/uploads\/2019\/07\/IMG_20190710_110433.jpg\"><img loading=\"lazy\" decoding=\"async\" width=\"4160\" height=\"3120\" src=\"https:\/\/www.zpm-idrija.si\/wp-content\/uploads\/2019\/07\/IMG_20190710_110433.jpg\" alt=\"\" class=\"wp-image-974\" srcset=\"https:\/\/www.zpm-idrija.si\/wp-content\/uploads\/2019\/07\/IMG_20190710_110433.jpg 4160w, https:\/\/www.zpm-idrija.si\/wp-content\/uploads\/2019\/07\/IMG_20190710_110433-300x225.jpg 300w, https:\/\/www.zpm-idrija.si\/wp-content\/uploads\/2019\/07\/IMG_20190710_110433-768x576.jpg 768w, https:\/\/www.zpm-idrija.si\/wp-content\/uploads\/2019\/07\/IMG_20190710_110433-1024x768.jpg 1024w\" sizes=\"auto, (max-width: 767px) 89vw, (max-width: 1000px) 54vw, (max-width: 1071px) 543px, 580px\" \/><\/a><\/figure>\n\n\n\n<p><\/p>\n\n\n\n<figure class=\"wp-block-image\"><a href=\"https:\/\/www.zpm-idrija.si\/wp-content\/uploads\/2019\/07\/IMG_20190701_110216.jpg\"><img loading=\"lazy\" decoding=\"async\" width=\"4160\" height=\"3120\" src=\"https:\/\/www.zpm-idrija.si\/wp-content\/uploads\/2019\/07\/IMG_20190701_110216.jpg\" alt=\"\" class=\"wp-image-947\" srcset=\"https:\/\/www.zpm-idrija.si\/wp-content\/uploads\/2019\/07\/IMG_20190701_110216.jpg 4160w, https:\/\/www.zpm-idrija.si\/wp-content\/uploads\/2019\/07\/IMG_20190701_110216-300x225.jpg 300w, https:\/\/www.zpm-idrija.si\/wp-content\/uploads\/2019\/07\/IMG_20190701_110216-768x576.jpg 768w, https:\/\/www.zpm-idrija.si\/wp-content\/uploads\/2019\/07\/IMG_20190701_110216-1024x768.jpg 1024w\" sizes=\"auto, (max-width: 767px) 89vw, (max-width: 1000px) 54vw, (max-width: 1071px) 543px, 580px\" \/><\/a><\/figure>\n\n\n\n<p><\/p>\n\n\n\n<figure class=\"wp-block-image\"><a href=\"https:\/\/www.zpm-idrija.si\/wp-content\/uploads\/2019\/07\/IMG_20190704_115115_1.jpg\"><img loading=\"lazy\" decoding=\"async\" width=\"4160\" height=\"3120\" src=\"https:\/\/www.zpm-idrija.si\/wp-content\/uploads\/2019\/07\/IMG_20190704_115115_1.jpg\" alt=\"\" class=\"wp-image-959\" srcset=\"https:\/\/www.zpm-idrija.si\/wp-content\/uploads\/2019\/07\/IMG_20190704_115115_1.jpg 4160w, https:\/\/www.zpm-idrija.si\/wp-content\/uploads\/2019\/07\/IMG_20190704_115115_1-300x225.jpg 300w, https:\/\/www.zpm-idrija.si\/wp-content\/uploads\/2019\/07\/IMG_20190704_115115_1-768x576.jpg 768w, https:\/\/www.zpm-idrija.si\/wp-content\/uploads\/2019\/07\/IMG_20190704_115115_1-1024x768.jpg 1024w\" sizes=\"auto, (max-width: 767px) 89vw, (max-width: 1000px) 54vw, (max-width: 1071px) 543px, 580px\" \/><\/a><\/figure>\n\n\n\n<p><\/p>\n\n\n\n<figure class=\"wp-block-image\"><a href=\"https:\/\/www.zpm-idrija.si\/wp-content\/uploads\/2019\/07\/IMG_20190718_193238.jpg\"><img loading=\"lazy\" decoding=\"async\" width=\"2899\" height=\"2448\" src=\"https:\/\/www.zpm-idrija.si\/wp-content\/uploads\/2019\/07\/IMG_20190718_193238.jpg\" alt=\"\" class=\"wp-image-1002\" srcset=\"https:\/\/www.zpm-idrija.si\/wp-content\/uploads\/2019\/07\/IMG_20190718_193238.jpg 2899w, https:\/\/www.zpm-idrija.si\/wp-content\/uploads\/2019\/07\/IMG_20190718_193238-300x253.jpg 300w, https:\/\/www.zpm-idrija.si\/wp-content\/uploads\/2019\/07\/IMG_20190718_193238-768x649.jpg 768w, https:\/\/www.zpm-idrija.si\/wp-content\/uploads\/2019\/07\/IMG_20190718_193238-1024x865.jpg 1024w\" sizes=\"auto, (max-width: 767px) 89vw, (max-width: 1000px) 54vw, (max-width: 1071px) 543px, 580px\" \/><\/a><\/figure>\n\n\n\n<p><\/p>\n\n\n<div class=\"wp-block-image\">\n<figure class=\"aligncenter\"><a href=\"https:\/\/www.zpm-idrija.si\/wp-content\/uploads\/2019\/07\/IMG_20190722_142508-min.jpg\"><img loading=\"lazy\" decoding=\"async\" width=\"3120\" height=\"4160\" src=\"https:\/\/www.zpm-idrija.si\/wp-content\/uploads\/2019\/07\/IMG_20190722_142508-min.jpg\" alt=\"\" class=\"wp-image-1151\" srcset=\"https:\/\/www.zpm-idrija.si\/wp-content\/uploads\/2019\/07\/IMG_20190722_142508-min.jpg 3120w, https:\/\/www.zpm-idrija.si\/wp-content\/uploads\/2019\/07\/IMG_20190722_142508-min-225x300.jpg 225w, https:\/\/www.zpm-idrija.si\/wp-content\/uploads\/2019\/07\/IMG_20190722_142508-min-768x1024.jpg 768w\" sizes=\"auto, (max-width: 767px) 89vw, (max-width: 1000px) 54vw, (max-width: 1071px) 543px, 580px\" \/><\/a><\/figure><\/div>\n\n\n<p><\/p>\n\n\n<div class=\"wp-block-image\">\n<figure class=\"aligncenter\"><a href=\"https:\/\/www.zpm-idrija.si\/wp-content\/uploads\/2019\/07\/IMG_20190724_095719-min.jpg\"><img loading=\"lazy\" decoding=\"async\" width=\"3968\" height=\"2976\" src=\"https:\/\/www.zpm-idrija.si\/wp-content\/uploads\/2019\/07\/IMG_20190724_095719-min.jpg\" alt=\"\" class=\"wp-image-1156\" srcset=\"https:\/\/www.zpm-idrija.si\/wp-content\/uploads\/2019\/07\/IMG_20190724_095719-min.jpg 3968w, https:\/\/www.zpm-idrija.si\/wp-content\/uploads\/2019\/07\/IMG_20190724_095719-min-300x225.jpg 300w, https:\/\/www.zpm-idrija.si\/wp-content\/uploads\/2019\/07\/IMG_20190724_095719-min-768x576.jpg 768w, https:\/\/www.zpm-idrija.si\/wp-content\/uploads\/2019\/07\/IMG_20190724_095719-min-1024x768.jpg 1024w\" sizes=\"auto, (max-width: 767px) 89vw, (max-width: 1000px) 54vw, (max-width: 1071px) 543px, 580px\" \/><\/a><\/figure><\/div>\n\n\n<p><\/p>\n","protected":false},"excerpt":{"rendered":"<p>Po\u010ditni\u0161ko varstvo bo med poletnimi po\u010ditnicami 2026 predvidoma potekalo od\u00a0ponedeljka 29. junija do petka 24. julija 2026, med tednom od 7.00 do 16.00.\u00a0\u00a0Varstvo se bo izvajalo v primeru zadostnega \u0161tevila prijav! V \u010dasu poletnih po\u010ditnic organiziramo\u00a0 dnevno varstvo za otroke od 1. do 5. razreda osnovne \u0161ole. Varstvo poteka vsak dan, od ponedeljka do petka, &hellip; <\/p>\n<p class=\"link-more\"><a href=\"https:\/\/www.zpm-idrija.si\/?page_id=1683\" class=\"more-link\">Preberi ve\u010d<span class=\"screen-reader-text\"> &#8220;Po\u010ditni\u0161ko varstvo&#8221;<\/span><\/a><\/p>\n","protected":false},"author":1,"featured_media":0,"parent":49,"menu_order":0,"comment_status":"closed","ping_status":"closed","template":"","meta":{"footnotes":""},"class_list":["post-1683","page","type-page","status-publish","hentry"],"_links":{"self":[{"href":"https:\/\/www.zpm-idrija.si\/index.php?rest_route=\/wp\/v2\/pages\/1683","targetHints":{"allow":["GET"]}}],"collection":[{"href":"https:\/\/www.zpm-idrija.si\/index.php?rest_route=\/wp\/v2\/pages"}],"about":[{"href":"https:\/\/www.zpm-idrija.si\/index.php?rest_route=\/wp\/v2\/types\/page"}],"author":[{"embeddable":true,"href":"https:\/\/www.zpm-idrija.si\/index.php?rest_route=\/wp\/v2\/users\/1"}],"replies":[{"embeddable":true,"href":"https:\/\/www.zpm-idrija.si\/index.php?rest_route=%2Fwp%2Fv2%2Fcomments&post=1683"}],"version-history":[{"count":25,"href":"https:\/\/www.zpm-idrija.si\/index.php?rest_route=\/wp\/v2\/pages\/1683\/revisions"}],"predecessor-version":[{"id":5551,"href":"https:\/\/www.zpm-idrija.si\/index.php?rest_route=\/wp\/v2\/pages\/1683\/revisions\/5551"}],"up":[{"embeddable":true,"href":"https:\/\/www.zpm-idrija.si\/index.php?rest_route=\/wp\/v2\/pages\/49"}],"wp:attachment":[{"href":"https:\/\/www.zpm-idrija.si\/index.php?rest_route=%2Fwp%2Fv2%2Fmedia&parent=1683"}],"curies":[{"name":"wp","href":"https:\/\/api.w.org\/{rel}","templated":true}]}}