{"id":1681,"date":"2020-03-16T12:11:34","date_gmt":"2020-03-16T11:11:34","guid":{"rendered":"http:\/\/www.zpm-idrija.si\/?page_id=1681"},"modified":"2025-08-18T07:06:43","modified_gmt":"2025-08-18T06:06:43","slug":"solske-pocitnice","status":"publish","type":"page","link":"https:\/\/www.zpm-idrija.si\/?page_id=1681","title":{"rendered":"\u0160olske po\u010ditnice"},"content":{"rendered":"\n<p>AKTUALNO:<\/p>\n\n\n\n<div data-wp-interactive=\"core\/file\" class=\"wp-block-file\"><object data-wp-bind--hidden=\"!state.hasPdfPreview\" hidden class=\"wp-block-file__embed\" data=\"https:\/\/www.zpm-idrija.si\/wp-content\/uploads\/2025\/08\/Pocitnikarija-prijavnica-2025-splet-3.pdf\" type=\"application\/pdf\" style=\"width:100%;height:600px\" aria-label=\"Vdelava Po\u010ditnikarija - prijavnica 2025 splet 3\"><\/object><a id=\"wp-block-file--media-2fbfea34-4609-4c31-9e7f-8abe19efed97\" href=\"https:\/\/www.zpm-idrija.si\/wp-content\/uploads\/2025\/08\/Pocitnikarija-prijavnica-2025-splet-3.pdf\">Po\u010ditnikarija &#8211; prijavnica 2025 splet 3<\/a><a href=\"https:\/\/www.zpm-idrija.si\/wp-content\/uploads\/2025\/08\/Pocitnikarija-prijavnica-2025-splet-3.pdf\" class=\"wp-block-file__button wp-element-button\" download aria-describedby=\"wp-block-file--media-2fbfea34-4609-4c31-9e7f-8abe19efed97\">Prenos<\/a><\/div>\n\n\n\n<p>V \u010dasu jesenskih, novoletnih, zimskih in poletnih po\u010ditnic organiziramo pestro po\u010ditni\u0161ko dogajanje za vse osnovno\u0161olske otroke. Otrokom nudimo najrazli\u010dnej\u0161e aktivnosti za kvalitetno pre\u017eivljanje prostega \u010dasa z izvedbo razli\u010dnih ustvarjalnih delavnic, \u0161portno obarvanih dogodkov, izletov, medgeneracijskih dru\u017eenj in drugih aktivnosti.<\/p>\n\n\n\n<p>S planiranimi aktivnostmi \u017eelimo otrokom ponuditi mo\u017enost, da raz\u0161irijo svoja obzorja, se nau\u010dijo novih stvari in razvijejo nove ve\u0161\u010dine. Organizirane poletne aktivnosti predstavljajo tudi dodatno mo\u017enost za gradnjo socialne mre\u017ee otrok, saj se sre\u010dujejo z drugimi otroki iz okoli\u0161kih krajev, s katerimi med \u0161olskim letom nimajo veliko stikov.<\/p>\n\n\n<div class=\"wp-block-image\">\n<figure class=\"aligncenter\"><a href=\"https:\/\/www.zpm-idrija.si\/wp-content\/uploads\/2018\/07\/13_07_2018_PV_002.jpg\"><img loading=\"lazy\" decoding=\"async\" width=\"800\" height=\"600\" src=\"https:\/\/www.zpm-idrija.si\/wp-content\/uploads\/2018\/07\/13_07_2018_PV_002.jpg\" alt=\"\" class=\"wp-image-215\" srcset=\"https:\/\/www.zpm-idrija.si\/wp-content\/uploads\/2018\/07\/13_07_2018_PV_002.jpg 800w, https:\/\/www.zpm-idrija.si\/wp-content\/uploads\/2018\/07\/13_07_2018_PV_002-300x225.jpg 300w, https:\/\/www.zpm-idrija.si\/wp-content\/uploads\/2018\/07\/13_07_2018_PV_002-768x576.jpg 768w\" sizes=\"auto, (max-width: 767px) 89vw, (max-width: 1000px) 54vw, (max-width: 1071px) 543px, 580px\" \/><\/a><\/figure><\/div>\n\n<div class=\"wp-block-image\">\n<figure class=\"aligncenter\"><a href=\"https:\/\/www.zpm-idrija.si\/wp-content\/uploads\/2018\/07\/IMG_20180706_105124a.jpg\"><img loading=\"lazy\" decoding=\"async\" width=\"1366\" height=\"1025\" src=\"https:\/\/www.zpm-idrija.si\/wp-content\/uploads\/2018\/07\/IMG_20180706_105124a.jpg\" alt=\"\" class=\"wp-image-203\" srcset=\"https:\/\/www.zpm-idrija.si\/wp-content\/uploads\/2018\/07\/IMG_20180706_105124a.jpg 1366w, https:\/\/www.zpm-idrija.si\/wp-content\/uploads\/2018\/07\/IMG_20180706_105124a-300x225.jpg 300w, https:\/\/www.zpm-idrija.si\/wp-content\/uploads\/2018\/07\/IMG_20180706_105124a-768x576.jpg 768w, https:\/\/www.zpm-idrija.si\/wp-content\/uploads\/2018\/07\/IMG_20180706_105124a-1024x768.jpg 1024w\" sizes=\"auto, (max-width: 767px) 89vw, (max-width: 1000px) 54vw, (max-width: 1071px) 543px, 580px\" \/><\/a><\/figure><\/div>\n\n<div class=\"wp-block-image\">\n<figure class=\"aligncenter\"><a href=\"https:\/\/www.zpm-idrija.si\/wp-content\/uploads\/2018\/07\/IMG_20180706_094057a.jpg\"><img loading=\"lazy\" decoding=\"async\" width=\"1366\" height=\"1025\" src=\"https:\/\/www.zpm-idrija.si\/wp-content\/uploads\/2018\/07\/IMG_20180706_094057a.jpg\" alt=\"\" class=\"wp-image-202\" srcset=\"https:\/\/www.zpm-idrija.si\/wp-content\/uploads\/2018\/07\/IMG_20180706_094057a.jpg 1366w, https:\/\/www.zpm-idrija.si\/wp-content\/uploads\/2018\/07\/IMG_20180706_094057a-300x225.jpg 300w, https:\/\/www.zpm-idrija.si\/wp-content\/uploads\/2018\/07\/IMG_20180706_094057a-768x576.jpg 768w, https:\/\/www.zpm-idrija.si\/wp-content\/uploads\/2018\/07\/IMG_20180706_094057a-1024x768.jpg 1024w\" sizes=\"auto, (max-width: 767px) 89vw, (max-width: 1000px) 54vw, (max-width: 1071px) 543px, 580px\" \/><\/a><\/figure><\/div>\n\n<div class=\"wp-block-image\">\n<figure class=\"aligncenter\"><a href=\"https:\/\/www.zpm-idrija.si\/wp-content\/uploads\/2018\/08\/IMG_20180807_113322_resized_20180807_011114012.jpg\"><img loading=\"lazy\" decoding=\"async\" width=\"3456\" height=\"2592\" src=\"https:\/\/www.zpm-idrija.si\/wp-content\/uploads\/2018\/08\/IMG_20180807_113322_resized_20180807_011114012.jpg\" alt=\"\" class=\"wp-image-761\" srcset=\"https:\/\/www.zpm-idrija.si\/wp-content\/uploads\/2018\/08\/IMG_20180807_113322_resized_20180807_011114012.jpg 3456w, https:\/\/www.zpm-idrija.si\/wp-content\/uploads\/2018\/08\/IMG_20180807_113322_resized_20180807_011114012-300x225.jpg 300w, https:\/\/www.zpm-idrija.si\/wp-content\/uploads\/2018\/08\/IMG_20180807_113322_resized_20180807_011114012-768x576.jpg 768w, https:\/\/www.zpm-idrija.si\/wp-content\/uploads\/2018\/08\/IMG_20180807_113322_resized_20180807_011114012-1024x768.jpg 1024w\" sizes=\"auto, (max-width: 767px) 89vw, (max-width: 1000px) 54vw, (max-width: 1071px) 543px, 580px\" \/><\/a><\/figure><\/div>\n\n<div class=\"wp-block-image\">\n<figure class=\"aligncenter\"><a href=\"https:\/\/www.zpm-idrija.si\/wp-content\/uploads\/2018\/08\/IMG_20180803_095320.jpg\"><img loading=\"lazy\" decoding=\"async\" width=\"4608\" height=\"3456\" src=\"https:\/\/www.zpm-idrija.si\/wp-content\/uploads\/2018\/08\/IMG_20180803_095320.jpg\" alt=\"\" class=\"wp-image-753\" srcset=\"https:\/\/www.zpm-idrija.si\/wp-content\/uploads\/2018\/08\/IMG_20180803_095320.jpg 4608w, https:\/\/www.zpm-idrija.si\/wp-content\/uploads\/2018\/08\/IMG_20180803_095320-300x225.jpg 300w, https:\/\/www.zpm-idrija.si\/wp-content\/uploads\/2018\/08\/IMG_20180803_095320-768x576.jpg 768w, https:\/\/www.zpm-idrija.si\/wp-content\/uploads\/2018\/08\/IMG_20180803_095320-1024x768.jpg 1024w\" sizes=\"auto, (max-width: 767px) 89vw, (max-width: 1000px) 54vw, (max-width: 1071px) 543px, 580px\" \/><\/a><figcaption class=\"wp-element-caption\">dav<\/figcaption><\/figure><\/div>\n\n<div class=\"wp-block-image\">\n<figure class=\"aligncenter\"><a href=\"https:\/\/www.zpm-idrija.si\/wp-content\/uploads\/2018\/08\/38198716_1522740287832600_5669662116995399680_n.jpg\"><img loading=\"lazy\" decoding=\"async\" width=\"1488\" height=\"1984\" src=\"https:\/\/www.zpm-idrija.si\/wp-content\/uploads\/2018\/08\/38198716_1522740287832600_5669662116995399680_n.jpg\" alt=\"\" class=\"wp-image-745\" srcset=\"https:\/\/www.zpm-idrija.si\/wp-content\/uploads\/2018\/08\/38198716_1522740287832600_5669662116995399680_n.jpg 1488w, https:\/\/www.zpm-idrija.si\/wp-content\/uploads\/2018\/08\/38198716_1522740287832600_5669662116995399680_n-225x300.jpg 225w, https:\/\/www.zpm-idrija.si\/wp-content\/uploads\/2018\/08\/38198716_1522740287832600_5669662116995399680_n-768x1024.jpg 768w\" sizes=\"auto, (max-width: 767px) 89vw, (max-width: 1000px) 54vw, (max-width: 1071px) 543px, 580px\" \/><\/a><\/figure><\/div>\n\n<div class=\"wp-block-image\">\n<figure class=\"aligncenter\"><a href=\"https:\/\/www.zpm-idrija.si\/wp-content\/uploads\/2019\/07\/IMG_20190711_111256.jpg\"><img loading=\"lazy\" decoding=\"async\" width=\"4160\" height=\"3120\" src=\"https:\/\/www.zpm-idrija.si\/wp-content\/uploads\/2019\/07\/IMG_20190711_111256.jpg\" alt=\"\" class=\"wp-image-975\" srcset=\"https:\/\/www.zpm-idrija.si\/wp-content\/uploads\/2019\/07\/IMG_20190711_111256.jpg 4160w, https:\/\/www.zpm-idrija.si\/wp-content\/uploads\/2019\/07\/IMG_20190711_111256-300x225.jpg 300w, https:\/\/www.zpm-idrija.si\/wp-content\/uploads\/2019\/07\/IMG_20190711_111256-768x576.jpg 768w, https:\/\/www.zpm-idrija.si\/wp-content\/uploads\/2019\/07\/IMG_20190711_111256-1024x768.jpg 1024w\" sizes=\"auto, (max-width: 767px) 89vw, (max-width: 1000px) 54vw, (max-width: 1071px) 543px, 580px\" \/><\/a><figcaption class=\"wp-element-caption\">dav<\/figcaption><\/figure><\/div>\n\n<div class=\"wp-block-image\">\n<figure class=\"aligncenter\"><a href=\"https:\/\/www.zpm-idrija.si\/wp-content\/uploads\/2020\/02\/DSC_0728.jpg\"><img loading=\"lazy\" decoding=\"async\" width=\"3000\" height=\"2000\" src=\"https:\/\/www.zpm-idrija.si\/wp-content\/uploads\/2020\/02\/DSC_0728.jpg\" alt=\"\" class=\"wp-image-1645\" srcset=\"https:\/\/www.zpm-idrija.si\/wp-content\/uploads\/2020\/02\/DSC_0728.jpg 3000w, https:\/\/www.zpm-idrija.si\/wp-content\/uploads\/2020\/02\/DSC_0728-300x200.jpg 300w, https:\/\/www.zpm-idrija.si\/wp-content\/uploads\/2020\/02\/DSC_0728-768x512.jpg 768w, https:\/\/www.zpm-idrija.si\/wp-content\/uploads\/2020\/02\/DSC_0728-1024x683.jpg 1024w\" sizes=\"auto, (max-width: 767px) 89vw, (max-width: 1000px) 54vw, (max-width: 1071px) 543px, 580px\" \/><\/a><\/figure><\/div>\n\n<div class=\"wp-block-image\">\n<figure class=\"aligncenter\"><a href=\"https:\/\/www.zpm-idrija.si\/wp-content\/uploads\/2020\/02\/DSC_0689-1-17.jpg\"><img loading=\"lazy\" decoding=\"async\" width=\"3000\" height=\"2000\" src=\"https:\/\/www.zpm-idrija.si\/wp-content\/uploads\/2020\/02\/DSC_0689-1-17.jpg\" alt=\"\" class=\"wp-image-1642\" srcset=\"https:\/\/www.zpm-idrija.si\/wp-content\/uploads\/2020\/02\/DSC_0689-1-17.jpg 3000w, https:\/\/www.zpm-idrija.si\/wp-content\/uploads\/2020\/02\/DSC_0689-1-17-300x200.jpg 300w, https:\/\/www.zpm-idrija.si\/wp-content\/uploads\/2020\/02\/DSC_0689-1-17-768x512.jpg 768w, https:\/\/www.zpm-idrija.si\/wp-content\/uploads\/2020\/02\/DSC_0689-1-17-1024x683.jpg 1024w\" sizes=\"auto, (max-width: 767px) 89vw, (max-width: 1000px) 54vw, (max-width: 1071px) 543px, 580px\" \/><\/a><\/figure><\/div>\n\n<div class=\"wp-block-image\">\n<figure class=\"aligncenter\"><a href=\"https:\/\/www.zpm-idrija.si\/wp-content\/uploads\/2020\/02\/DSC_0705.jpg\"><img loading=\"lazy\" decoding=\"async\" width=\"3000\" height=\"2000\" src=\"https:\/\/www.zpm-idrija.si\/wp-content\/uploads\/2020\/02\/DSC_0705.jpg\" alt=\"\" class=\"wp-image-1644\" srcset=\"https:\/\/www.zpm-idrija.si\/wp-content\/uploads\/2020\/02\/DSC_0705.jpg 3000w, https:\/\/www.zpm-idrija.si\/wp-content\/uploads\/2020\/02\/DSC_0705-300x200.jpg 300w, https:\/\/www.zpm-idrija.si\/wp-content\/uploads\/2020\/02\/DSC_0705-768x512.jpg 768w, https:\/\/www.zpm-idrija.si\/wp-content\/uploads\/2020\/02\/DSC_0705-1024x683.jpg 1024w\" sizes=\"auto, (max-width: 767px) 89vw, (max-width: 1000px) 54vw, (max-width: 1071px) 543px, 580px\" \/><\/a><\/figure><\/div>","protected":false},"excerpt":{"rendered":"<p>AKTUALNO: V \u010dasu jesenskih, novoletnih, zimskih in poletnih po\u010ditnic organiziramo pestro po\u010ditni\u0161ko dogajanje za vse osnovno\u0161olske otroke. Otrokom nudimo najrazli\u010dnej\u0161e aktivnosti za kvalitetno pre\u017eivljanje prostega \u010dasa z izvedbo razli\u010dnih ustvarjalnih delavnic, \u0161portno obarvanih dogodkov, izletov, medgeneracijskih dru\u017eenj in drugih aktivnosti. S planiranimi aktivnostmi \u017eelimo otrokom ponuditi mo\u017enost, da raz\u0161irijo svoja obzorja, se nau\u010dijo novih stvari &hellip; <\/p>\n<p class=\"link-more\"><a href=\"https:\/\/www.zpm-idrija.si\/?page_id=1681\" class=\"more-link\">Preberi ve\u010d<span class=\"screen-reader-text\"> &#8220;\u0160olske po\u010ditnice&#8221;<\/span><\/a><\/p>\n","protected":false},"author":1,"featured_media":0,"parent":49,"menu_order":0,"comment_status":"closed","ping_status":"closed","template":"","meta":{"footnotes":""},"class_list":["post-1681","page","type-page","status-publish","hentry"],"_links":{"self":[{"href":"https:\/\/www.zpm-idrija.si\/index.php?rest_route=\/wp\/v2\/pages\/1681","targetHints":{"allow":["GET"]}}],"collection":[{"href":"https:\/\/www.zpm-idrija.si\/index.php?rest_route=\/wp\/v2\/pages"}],"about":[{"href":"https:\/\/www.zpm-idrija.si\/index.php?rest_route=\/wp\/v2\/types\/page"}],"author":[{"embeddable":true,"href":"https:\/\/www.zpm-idrija.si\/index.php?rest_route=\/wp\/v2\/users\/1"}],"replies":[{"embeddable":true,"href":"https:\/\/www.zpm-idrija.si\/index.php?rest_route=%2Fwp%2Fv2%2Fcomments&post=1681"}],"version-history":[{"count":17,"href":"https:\/\/www.zpm-idrija.si\/index.php?rest_route=\/wp\/v2\/pages\/1681\/revisions"}],"predecessor-version":[{"id":5229,"href":"https:\/\/www.zpm-idrija.si\/index.php?rest_route=\/wp\/v2\/pages\/1681\/revisions\/5229"}],"up":[{"embeddable":true,"href":"https:\/\/www.zpm-idrija.si\/index.php?rest_route=\/wp\/v2\/pages\/49"}],"wp:attachment":[{"href":"https:\/\/www.zpm-idrija.si\/index.php?rest_route=%2Fwp%2Fv2%2Fmedia&parent=1681"}],"curies":[{"name":"wp","href":"https:\/\/api.w.org\/{rel}","templated":true}]}}