{"id":1675,"date":"2020-03-16T11:25:28","date_gmt":"2020-03-16T10:25:28","guid":{"rendered":"http:\/\/www.zpm-idrija.si\/?page_id=1675"},"modified":"2026-01-14T08:18:47","modified_gmt":"2026-01-14T07:18:47","slug":"donatorji-in-sponzorji-v-letu-2019","status":"publish","type":"page","link":"https:\/\/www.zpm-idrija.si\/?page_id=1675","title":{"rendered":"Podpirajo nas"},"content":{"rendered":"\n<div class=\"wp-block-columns is-layout-flex wp-container-core-columns-is-layout-9d6595d7 wp-block-columns-is-layout-flex\">\n<div class=\"wp-block-column is-layout-flow wp-block-column-is-layout-flow\" style=\"flex-basis:100%\">\n<div class=\"wp-block-group\"><div class=\"wp-block-group__inner-container is-layout-flow wp-block-group-is-layout-flow\">\n<p style=\"margin-bottom: 19.5pt; font-stretch: normal; orphans: 2; text-align: start; widows: 2; -webkit-text-stroke-width: 0px; text-decoration-style: initial; text-decoration-color: initial; word-spacing: 0px;\"><span style=\"font-size: 11.5pt; font-family: 'Helvetica',sans-serif; color: #333333;\">Hvala vsem podjetjem in posameznikom, ki ste nam z denarnimi sredstvi, z odstopom 1 % dohodnine, storitvami ali v materialu pomagali pri izvedbi programov ZPM Idrija v letu 2025<\/span><span style=\"font-size: 11.5pt; font-family: 'Helvetica',sans-serif; color: #333333;\">.\u00a0<\/span><\/p>\n\n\n\n<h1 class=\"wp-block-heading\"><strong>2025<\/strong><\/h1>\n\n\n\n<div class=\"wp-block-group alignfull has-background\" style=\"background-color:#f2f0e9\"><div class=\"wp-block-group__inner-container is-layout-flow wp-block-group-is-layout-flow\">\n<div class=\"wp-block-columns alignwide are-vertically-aligned-center is-layout-flex wp-container-core-columns-is-layout-9d6595d7 wp-block-columns-is-layout-flex\">\n<div class=\"wp-block-column is-layout-flow wp-block-column-is-layout-flow\" style=\"flex-basis:50%\">\n<p class=\"has-text-color\" style=\"color:#000000;font-size:30px;line-height:1.1\"><strong>Donatorji <\/strong><br><strong>fizi\u010dne osebe<\/strong><\/p>\n<\/div>\n\n\n\n<div class=\"wp-block-column is-layout-flow wp-block-column-is-layout-flow\" style=\"flex-basis:50%\">\n<hr class=\"wp-block-separator has-text-color has-css-opacity has-background is-style-wide\" style=\"background-color:#000000;color:#000000\"\/>\n<\/div>\n<\/div>\n\n\n\n<div class=\"wp-block-columns alignwide is-layout-flex wp-container-core-columns-is-layout-9d6595d7 wp-block-columns-is-layout-flex\">\n<div class=\"wp-block-column is-layout-flow wp-block-column-is-layout-flow\">\n<ul class=\"wp-block-list\">\n<li><strong>Matja\u017e Terpin<\/strong><\/li>\n\n\n\n<li><strong>Bojana Jeram<\/strong><\/li>\n\n\n\n<li><strong>Tadeja Golob<\/strong><\/li>\n\n\n\n<li><strong>Marija Rejc<\/strong><\/li>\n\n\n\n<li><strong>Vlasta Hvala<\/strong><\/li>\n\n\n\n<li><strong>Marija Jazbar<\/strong><\/li>\n\n\n\n<li><strong>Darjo Moravec<\/strong><\/li>\n\n\n\n<li><strong>Leo Svetli\u010di\u010d<\/strong><\/li>\n\n\n\n<li><strong>Majda Troha<\/strong><\/li>\n\n\n\n<li><strong>Franc Ferjan\u010di\u010d<\/strong><\/li>\n\n\n\n<li><strong>Toma\u017e Vidmar<\/strong><\/li>\n\n\n\n<li><strong>Domen Bo\u0161kovi\u010d<\/strong><\/li>\n\n\n\n<li><strong>Matja\u017e Makuc<\/strong><\/li>\n\n\n\n<li><strong>Terezija Ker\u0161manc<\/strong><\/li>\n\n\n\n<li><strong>Primo\u017e Pav\u0161i\u010d<\/strong><\/li>\n\n\n\n<li><strong>Danijela Vidmar<\/strong><\/li>\n\n\n\n<li><strong>Olga Munih<\/strong><\/li>\n\n\n\n<li><strong>Benjamin \u010coha<\/strong><\/li>\n\n\n\n<li><strong>Ana Rutar<\/strong><\/li>\n\n\n\n<li><strong>Jurij Kleindienst<\/strong><\/li>\n\n\n\n<li><strong>Jakob Likar<\/strong><\/li>\n\n\n\n<li><strong>Ivo U\u0161aj<\/strong><\/li>\n\n\n\n<li><strong>Mirjam Gnezda Bogataj<\/strong><\/li>\n\n\n\n<li><strong>Igor Kri\u017eaj<\/strong><\/li>\n\n\n\n<li><strong>Marko Rupnik<\/strong><\/li>\n\n\n\n<li><strong>Igor Bogataj<\/strong><\/li>\n\n\n\n<li><strong>Bla\u017e Von\u010dina<\/strong><\/li>\n\n\n\n<li><strong>Mateja Albreht<\/strong><\/li>\n\n\n\n<li><strong>Metka Petri\u010d<\/strong><\/li>\n\n\n\n<li><strong>Romana Koko\u0161ar<\/strong><\/li>\n\n\n\n<li><strong>Marija Albreht<\/strong><\/li>\n\n\n\n<li><strong>Ivana Miku\u017e<\/strong><\/li>\n\n\n\n<li><strong>Maja Rampre Erzno\u017enik<\/strong><\/li>\n\n\n\n<li><strong>Dragica Basile<\/strong><\/li>\n\n\n\n<li><strong>Bernard Peternel<\/strong><\/li>\n\n\n\n<li><strong>Jo\u017eko Begu\u0161<\/strong><\/li>\n\n\n\n<li><strong>Irena Ogri\u010d<\/strong><\/li>\n\n\n\n<li><strong>Lidija Kleindienst<\/strong><\/li>\n<\/ul>\n<\/div>\n\n\n\n<div class=\"wp-block-column is-layout-flow wp-block-column-is-layout-flow\">\n<ul class=\"wp-block-list\">\n<li><strong>Jurij Kleindienst<\/strong><\/li>\n\n\n\n<li><strong>Alenka Ortar<\/strong><\/li>\n\n\n\n<li><strong>Zdenka Bogataj<\/strong><\/li>\n\n\n\n<li><strong>Mojca Gnezda<\/strong><\/li>\n\n\n\n<li><strong>Simon Poljanec<\/strong><\/li>\n\n\n\n<li><strong>Jo\u017eefa \u0160inkovec<\/strong><\/li>\n\n\n\n<li><strong>Gabrijela Likar<\/strong><\/li>\n\n\n\n<li><strong>Dimitrij Bevk<\/strong><\/li>\n\n\n\n<li><strong>Bogdan Krivec<\/strong><\/li>\n\n\n\n<li><strong>Janja Velikanje<\/strong><\/li>\n\n\n\n<li><strong>Albina Zajc<\/strong><\/li>\n\n\n\n<li><strong>Samo Bevk<\/strong><\/li>\n\n\n\n<li><strong>Stojan Petri\u010d<\/strong><\/li>\n\n\n\n<li><strong>Nada Petri\u010d<\/strong><\/li>\n\n\n\n<li><strong>Jo\u0161t Rupnik<\/strong><\/li>\n\n\n\n<li><strong>Nace Jereb<\/strong><\/li>\n\n\n\n<li><strong>Samo Beri\u010di\u010d<\/strong><\/li>\n\n\n\n<li><strong>Franc \u010celik<\/strong><\/li>\n\n\n\n<li><strong>Uro\u0161 Petronijevi\u0107<\/strong><\/li>\n\n\n\n<li><strong>Marko Markovi\u0107<\/strong><\/li>\n\n\n\n<li><strong>Vinko Podobnik<\/strong><\/li>\n\n\n\n<li><strong>Lu\u010dka Bolko<\/strong><\/li>\n\n\n\n<li><strong>Mirko Bratu\u0161<\/strong><\/li>\n\n\n\n<li><strong>Andreja Urbas<\/strong><\/li>\n\n\n\n<li><strong>Pavla Krivec<\/strong><\/li>\n\n\n\n<li><strong>Miroslav Lapajne<\/strong><\/li>\n\n\n\n<li><strong>Alenka Likar<\/strong><\/li>\n\n\n\n<li><strong>Aleksander Likar<\/strong><\/li>\n\n\n\n<li><strong>Valentin Golob<\/strong><\/li>\n\n\n\n<li><strong>Anica Koder<\/strong><\/li>\n\n\n\n<li><strong>Silvij Bezeljak<\/strong><\/li>\n\n\n\n<li><strong>Sonja Mlakar<\/strong><\/li>\n\n\n\n<li><strong>Marko Kogej<\/strong><\/li>\n\n\n\n<li><strong>Sre\u010dko \u010cuk<\/strong><\/li>\n\n\n\n<li><strong>Stanislava Marija Kacin<\/strong><\/li>\n\n\n\n<li><strong>Julija Gruden<\/strong><\/li>\n\n\n\n<li><strong>Franci Jereb<\/strong><\/li>\n\n\n\n<li><strong>Danijela Brlo\u017enik<\/strong><\/li>\n<\/ul>\n<\/div>\n\n\n\n<div class=\"wp-block-column is-layout-flow wp-block-column-is-layout-flow\">\n<ul class=\"wp-block-list\">\n<li><strong>Adam \u010cerni\u010d<\/strong><\/li>\n\n\n\n<li><strong>Sre\u010dko Carli<\/strong><\/li>\n\n\n\n<li><strong>Matja\u017e Kandu\u010d<\/strong><\/li>\n\n\n\n<li><strong>Klavdija Pelhan<\/strong><\/li>\n\n\n\n<li><strong>Iztok Podobnik<\/strong><\/li>\n\n\n\n<li><strong>Amalija Fatur<\/strong><\/li>\n\n\n\n<li><strong>Anita Krivec<\/strong><\/li>\n\n\n\n<li><strong>Nadja Lapajne<\/strong><\/li>\n\n\n\n<li><strong>Bojana Vidi\u010d<\/strong><\/li>\n\n\n\n<li><strong>Maja Vogri\u010d<\/strong><\/li>\n\n\n\n<li><strong>Fran\u010di\u0161ka Bo\u017ei\u010d<\/strong><\/li>\n\n\n\n<li><strong>Marija Kovi\u010d<\/strong><\/li>\n\n\n\n<li><strong>Maja Leban<\/strong><\/li>\n\n\n\n<li><strong>Mirko Petrov\u010di\u010d<\/strong><\/li>\n\n\n\n<li><strong>Jo\u017eica Skok<\/strong><\/li>\n\n\n\n<li><strong>Ivan Rupnik<\/strong><\/li>\n\n\n\n<li><strong>Jo\u017eef Gnezda<\/strong><\/li>\n\n\n\n<li><strong>Dragomira Er\u017een<\/strong><\/li>\n\n\n\n<li><strong>Marko Jelen<\/strong><\/li>\n\n\n\n<li><strong>Alenka Fischer<\/strong><\/li>\n\n\n\n<li><strong>Slavica Mle\u010dnik<\/strong><\/li>\n\n\n\n<li><strong>Zofija Habe<\/strong><\/li>\n\n\n\n<li><strong>Andrej Li\u010dar<\/strong><\/li>\n\n\n\n<li><strong>Marija Simoni\u010d<\/strong><\/li>\n\n\n\n<li><strong>Jani Kleindienst<\/strong><\/li>\n\n\n\n<li><strong>Ur\u0161ka \u0160inkovec<\/strong><\/li>\n\n\n\n<li><strong>Branko Er\u017een<\/strong><\/li>\n\n\n\n<li><strong>Miran Bogataj<\/strong><\/li>\n\n\n\n<li><strong>Marjeta Cvelbar<\/strong><\/li>\n\n\n\n<li><strong>Ivica Gnezda<\/strong><\/li>\n\n\n\n<li><strong>Natalija Kova\u010d <\/strong><\/li>\n\n\n\n<li><strong>Darko Rebec<\/strong><\/li>\n\n\n\n<li><strong>Stana Frelih<\/strong><\/li>\n\n\n\n<li><strong>Tja\u0161a Kri\u017eaj<\/strong><\/li>\n\n\n\n<li><strong>Igor Kri\u017eaj<\/strong><\/li>\n\n\n\n<li><strong>Nata\u0161a Lazar<\/strong><\/li>\n\n\n\n<li><strong>Milo\u0161 \u0160turm<\/strong><\/li>\n\n\n\n<li><strong>Albin \u0160vigelj<\/strong><\/li>\n<\/ul>\n<\/div>\n<\/div>\n\n\n\n<p>Hvale\u017eni smo tudi dru\u017eini <strong>Petri\u010d<\/strong>, ki se je v korist na\u0161e organizacije odpovedala cvetju in sve\u010dam. &nbsp;&nbsp;&nbsp;&nbsp;&nbsp;&nbsp;&nbsp;&nbsp; &nbsp;&nbsp;&nbsp;&nbsp;&nbsp;&nbsp;&nbsp;&nbsp;&nbsp;&nbsp;&nbsp;&nbsp;&nbsp;&nbsp;&nbsp;&nbsp;&nbsp;&nbsp;&nbsp;&nbsp;&nbsp;&nbsp;&nbsp;&nbsp;&nbsp;&nbsp;&nbsp;&nbsp;&nbsp;&nbsp;&nbsp;&nbsp;&nbsp;&nbsp;&nbsp;&nbsp;&nbsp;&nbsp;&nbsp;&nbsp;&nbsp;&nbsp;&nbsp;&nbsp;&nbsp;&nbsp;&nbsp;&nbsp;&nbsp;&nbsp;&nbsp;&nbsp;&nbsp;&nbsp;&nbsp;&nbsp;&nbsp;&nbsp;&nbsp;&nbsp;&nbsp;&nbsp;&nbsp;&nbsp; &nbsp;&nbsp;&nbsp;&nbsp;&nbsp;&nbsp;&nbsp;&nbsp;&nbsp;&nbsp;&nbsp;&nbsp;&nbsp;&nbsp;&nbsp;&nbsp;&nbsp;&nbsp;&nbsp;&nbsp;&nbsp;&nbsp;&nbsp;<\/p>\n\n\n\n<p>Z va\u0161o pomo\u010djo smo korak bli\u017eje uresni\u010ditvi na\u0161ih ciljev in poslanstva. Iskrena hvala, ker podpirate na\u0161e delo.&nbsp;&nbsp;&nbsp;&nbsp;&nbsp;&nbsp;<\/p>\n<\/div><\/div>\n<\/div><\/div>\n<\/div>\n<\/div>\n\n\n\n<div class=\"wp-block-group alignfull has-background\" style=\"background-color:#f2f0e9\"><div class=\"wp-block-group__inner-container is-layout-flow wp-block-group-is-layout-flow\">\n<div style=\"height:70px\" aria-hidden=\"true\" class=\"wp-block-spacer\"><\/div>\n\n\n\n<div class=\"wp-block-columns alignwide are-vertically-aligned-center is-layout-flex wp-container-core-columns-is-layout-9d6595d7 wp-block-columns-is-layout-flex\">\n<div class=\"wp-block-column is-layout-flow wp-block-column-is-layout-flow\" style=\"flex-basis:50%\">\n<p class=\"has-text-color\" style=\"color:#000000;font-size:30px;line-height:1.1\"><strong>Donatorji <\/strong><br><strong>Pravne osebe<\/strong><\/p>\n<\/div>\n\n\n\n<div class=\"wp-block-column is-layout-flow wp-block-column-is-layout-flow\" style=\"flex-basis:50%\">\n<hr class=\"wp-block-separator has-text-color has-css-opacity has-background is-style-wide\" style=\"background-color:#000000;color:#000000\"\/>\n<\/div>\n<\/div>\n\n\n\n<div class=\"wp-block-columns alignwide is-layout-flex wp-container-core-columns-is-layout-9d6595d7 wp-block-columns-is-layout-flex\">\n<div class=\"wp-block-column is-layout-flow wp-block-column-is-layout-flow\">\n<p><a href=\"https:\/\/www.kolektor.com\/kolektor-d-d\">Kolektor d.d.<\/a><br><a href=\"https:\/\/www.hidria.com\/int\/sl\/\">Hidria<\/a><br><a href=\"https:\/\/www.bartiger.si\/\" data-type=\"link\" data-id=\"https:\/\/www.bartiger.si\/\">Bartiger<\/a><br>Ra\u010dunovodstvo Marki\u010d d.o.o.<br><a href=\"https:\/\/www.svmk.si\/si\/\">SVMK d.o.o.<\/a><br><a href=\"https:\/\/www.regalni-sistemi.si\/\">Selak d.o.o.<\/a><br>Bo\u017ei\u010d d.o.o.<br>Ra\u010dunovodski servis Oblak Tatjana Oblak s.p.<br><a href=\"https:\/\/www.idrija.com\/\">ABC Merkur Idrija<\/a><a href=\"https:\/\/www.hidria.com\/int\/sl\/\"><br><\/a><a href=\"https:\/\/www.kolektor.com\/sl\/o-nas\/globalna-prisotnost\/kolektor-cpg\">Kolektor CPG d.o.o.<\/a><br><a href=\"https:\/\/www.izberi.si\/\">Izberi d.o.o<\/a><br><a href=\"https:\/\/www.tiskarsko.si\/\">Tiskarsko sredi\u0161\u010de grafi\u010dna priprava in tiskarna d.o.o.<\/a><br><a href=\"https:\/\/lionsidrija.wordpress.com\/\">Lions klub Idrija<\/a><\/p>\n\n\n\n<p><\/p>\n\n\n\n<p><\/p>\n\n\n\n<p><br> <br><\/p>\n<\/div>\n\n\n\n<div class=\"wp-block-column is-layout-flow wp-block-column-is-layout-flow\">\n<p><a href=\"https:\/\/www.fmr.si\/fmr-media\">FMR-Media d.o.o.<\/a><br><a href=\"https:\/\/www.fmr.si\/\">FMR d.o.o.<\/a><br><a href=\"https:\/\/www.kolektor.com\/sl\/o-nas\/globalna-prisotnost\/kolektor-mobility\">Kolektor Mobility d.o.o.<\/a><br>Fi d.o.o.<br>Ar Port nalo\u017ebe d.o.o.<br>Kolektor Technologies upravljanje nalozb d.o.o.<br><a href=\"https:\/\/www.kolektor.com\/sl\/o-nas\/globalna-prisotnost\/kolektor-igin\">Kolektor Igin inzeniring, storitve in trgovina d.o.o.<\/a><br><a href=\"https:\/\/kolektor-etra.si\/\">Kolektor Etra<\/a><br><a href=\"https:\/\/www.delo.si\/\">Delo \u010dasopisno zalo\u017eni\u0161ko podjetje d.o.o.<\/a><br><a href=\"https:\/\/www.lekarnaljubljana.si\/poslovalnice\/lekarna-idrija\">Lekarna Idrija<\/a><br><a href=\"https:\/\/pb-idrija.si\/\">Psihiatri\u010dna bolni\u0161nica Idrija<\/a><br><br><\/p>\n<\/div>\n<\/div>\n<\/div><\/div>\n\n\n\n<div class=\"wp-block-group alignfull has-background\" style=\"background-color:#f2f0e9\"><div class=\"wp-block-group__inner-container is-layout-flow wp-block-group-is-layout-flow\">\n<div style=\"height:70px\" aria-hidden=\"true\" class=\"wp-block-spacer\"><\/div>\n\n\n\n<div class=\"wp-block-columns alignwide are-vertically-aligned-center is-layout-flex wp-container-core-columns-is-layout-9d6595d7 wp-block-columns-is-layout-flex\">\n<div class=\"wp-block-column is-layout-flow wp-block-column-is-layout-flow\" style=\"flex-basis:50%\">\n<p class=\"has-text-color\" style=\"color:#000000;font-size:30px;line-height:1.1\"><strong>Sofinancerji<\/strong><\/p>\n\n\n\n<div class=\"wp-block-columns is-layout-flex wp-container-core-columns-is-layout-9d6595d7 wp-block-columns-is-layout-flex\">\n<div class=\"wp-block-column is-layout-flow wp-block-column-is-layout-flow\" style=\"flex-basis:100%\"><\/div>\n<\/div>\n<\/div>\n\n\n\n<div class=\"wp-block-column is-layout-flow wp-block-column-is-layout-flow\" style=\"flex-basis:50%\">\n<hr class=\"wp-block-separator has-text-color has-css-opacity has-background is-style-wide\" style=\"background-color:#000000;color:#000000\"\/>\n<\/div>\n<\/div>\n\n\n\n<div class=\"wp-block-columns alignwide are-vertically-aligned-bottom is-layout-flex wp-container-core-columns-is-layout-9d6595d7 wp-block-columns-is-layout-flex\">\n<div class=\"wp-block-column is-vertically-aligned-bottom is-layout-flow wp-block-column-is-layout-flow\"><div class=\"wp-block-image\">\n<figure class=\"alignleft size-full is-resized\"><a href=\"https:\/\/idrija.si\/\"><img loading=\"lazy\" decoding=\"async\" width=\"92\" height=\"92\" src=\"https:\/\/www.zpm-idrija.si\/wp-content\/uploads\/2023\/01\/Obcina-Idrija.jpg\" alt=\"\" class=\"wp-image-3947\" style=\"width:88px;height:auto\"\/><\/a><figcaption class=\"wp-element-caption\">Ob\u010dina Idrija<\/figcaption><\/figure><\/div><\/div>\n\n\n\n<div class=\"wp-block-column is-vertically-aligned-bottom is-layout-flow wp-block-column-is-layout-flow\">\n<figure class=\"wp-block-image size-full is-resized\"><a href=\"https:\/\/www.cerkno.si\/\"><img loading=\"lazy\" decoding=\"async\" width=\"92\" height=\"92\" src=\"https:\/\/www.zpm-idrija.si\/wp-content\/uploads\/2023\/01\/Obcina-Cerkno.png\" alt=\"\" class=\"wp-image-3948\" style=\"width:94px;height:auto\"\/><\/a><figcaption class=\"wp-element-caption\">Ob\u010dina Cerkno<\/figcaption><\/figure>\n<\/div>\n\n\n\n<div class=\"wp-block-column is-vertically-aligned-bottom is-layout-flow wp-block-column-is-layout-flow\">\n<figure class=\"wp-block-image size-full\"><a href=\"https:\/\/www.zpms.si\/\"><img loading=\"lazy\" decoding=\"async\" width=\"495\" height=\"102\" src=\"https:\/\/www.zpm-idrija.si\/wp-content\/uploads\/2026\/01\/zpms_logo.png\" alt=\"\" class=\"wp-image-5316\" srcset=\"https:\/\/www.zpm-idrija.si\/wp-content\/uploads\/2026\/01\/zpms_logo.png 495w, https:\/\/www.zpm-idrija.si\/wp-content\/uploads\/2026\/01\/zpms_logo-300x62.png 300w\" sizes=\"auto, (max-width: 495px) 100vw, 495px\" \/><\/a><\/figure>\n\n\n\n<figure class=\"wp-block-image size-full is-resized\"><a href=\"https:\/\/www.zzzs.si\/\"><img loading=\"lazy\" decoding=\"async\" width=\"390\" height=\"457\" src=\"https:\/\/www.zpm-idrija.si\/wp-content\/uploads\/2026\/01\/logo-zzzs-2.jpg\" alt=\"\" class=\"wp-image-5315\" style=\"width:89px;height:auto\" srcset=\"https:\/\/www.zpm-idrija.si\/wp-content\/uploads\/2026\/01\/logo-zzzs-2.jpg 390w, https:\/\/www.zpm-idrija.si\/wp-content\/uploads\/2026\/01\/logo-zzzs-2-256x300.jpg 256w\" sizes=\"auto, (max-width: 390px) 100vw, 390px\" \/><\/a><\/figure>\n<\/div>\n<\/div>\n<\/div><\/div>\n\n\n\n<p><\/p>\n","protected":false},"excerpt":{"rendered":"<p>Hvala vsem podjetjem in posameznikom, ki ste nam z denarnimi sredstvi, z odstopom 1 % dohodnine, storitvami ali v materialu pomagali pri izvedbi programov ZPM Idrija v letu 2025.\u00a0 2025 Donatorji fizi\u010dne osebe Hvale\u017eni smo tudi dru\u017eini Petri\u010d, ki se je v korist na\u0161e organizacije odpovedala cvetju in sve\u010dam. &nbsp;&nbsp;&nbsp;&nbsp;&nbsp;&nbsp;&nbsp;&nbsp; &nbsp;&nbsp;&nbsp;&nbsp;&nbsp;&nbsp;&nbsp;&nbsp;&nbsp;&nbsp;&nbsp;&nbsp;&nbsp;&nbsp;&nbsp;&nbsp;&nbsp;&nbsp;&nbsp;&nbsp;&nbsp;&nbsp;&nbsp;&nbsp;&nbsp;&nbsp;&nbsp;&nbsp;&nbsp;&nbsp;&nbsp;&nbsp;&nbsp;&nbsp;&nbsp;&nbsp;&nbsp;&nbsp;&nbsp;&nbsp;&nbsp;&nbsp;&nbsp;&nbsp;&nbsp;&nbsp;&nbsp;&nbsp;&nbsp;&nbsp;&nbsp;&nbsp;&nbsp;&nbsp;&nbsp;&nbsp;&nbsp;&nbsp;&nbsp;&nbsp;&nbsp;&nbsp;&nbsp;&nbsp; &nbsp;&nbsp;&nbsp;&nbsp;&nbsp;&nbsp;&nbsp;&nbsp;&nbsp;&nbsp;&nbsp;&nbsp;&nbsp;&nbsp;&nbsp;&nbsp;&nbsp;&nbsp;&nbsp;&nbsp;&nbsp;&nbsp;&nbsp; Z va\u0161o pomo\u010djo &hellip; <\/p>\n<p class=\"link-more\"><a href=\"https:\/\/www.zpm-idrija.si\/?page_id=1675\" class=\"more-link\">Preberi ve\u010d<span class=\"screen-reader-text\"> &#8220;Podpirajo nas&#8221;<\/span><\/a><\/p>\n","protected":false},"author":1,"featured_media":0,"parent":45,"menu_order":4,"comment_status":"closed","ping_status":"closed","template":"","meta":{"footnotes":""},"class_list":["post-1675","page","type-page","status-publish","hentry"],"_links":{"self":[{"href":"https:\/\/www.zpm-idrija.si\/index.php?rest_route=\/wp\/v2\/pages\/1675","targetHints":{"allow":["GET"]}}],"collection":[{"href":"https:\/\/www.zpm-idrija.si\/index.php?rest_route=\/wp\/v2\/pages"}],"about":[{"href":"https:\/\/www.zpm-idrija.si\/index.php?rest_route=\/wp\/v2\/types\/page"}],"author":[{"embeddable":true,"href":"https:\/\/www.zpm-idrija.si\/index.php?rest_route=\/wp\/v2\/users\/1"}],"replies":[{"embeddable":true,"href":"https:\/\/www.zpm-idrija.si\/index.php?rest_route=%2Fwp%2Fv2%2Fcomments&post=1675"}],"version-history":[{"count":55,"href":"https:\/\/www.zpm-idrija.si\/index.php?rest_route=\/wp\/v2\/pages\/1675\/revisions"}],"predecessor-version":[{"id":5334,"href":"https:\/\/www.zpm-idrija.si\/index.php?rest_route=\/wp\/v2\/pages\/1675\/revisions\/5334"}],"up":[{"embeddable":true,"href":"https:\/\/www.zpm-idrija.si\/index.php?rest_route=\/wp\/v2\/pages\/45"}],"wp:attachment":[{"href":"https:\/\/www.zpm-idrija.si\/index.php?rest_route=%2Fwp%2Fv2%2Fmedia&parent=1675"}],"curies":[{"name":"wp","href":"https:\/\/api.w.org\/{rel}","templated":true}]}}