{"id":1526,"date":"2019-11-18T10:18:03","date_gmt":"2019-11-18T09:18:03","guid":{"rendered":"http:\/\/www.zpm-idrija.si\/?page_id=1526"},"modified":"2026-02-03T12:56:14","modified_gmt":"2026-02-03T11:56:14","slug":"povezovanje-trajnost","status":"publish","type":"page","link":"https:\/\/www.zpm-idrija.si\/?page_id=1526","title":{"rendered":"Povezovanje = trajnost"},"content":{"rendered":"<p>ZAKLJU\u010cENO!<\/p>\n<p>Ministrstvo za javno upravo Republike Slovenije je objavilo razpis\u00a0 Razvoj in profesionalizacija nevladnih organizacij in prostovoljstva 2019, na katerega smo se s projektom <strong>Povezovanje = trajnost,\u00a0<\/strong>v sodelovanju z Mladinskim centrom Idrija in dru\u0161tvom Idrija 2020, uspe\u0161no prijavili. \u00a0Predmet javnega razpisa je sofinanciranje trajnostno naravnanih delovnih mest, ki prispevajo k razvoju in profesionalizaciji nevladnih organizacij in prostovoljstva v Sloveniji.<\/p>\n<p>Osnovni namen povezave v konzorcij je zdru\u017eevanje in povezovanje nevladnih organizacij, ki so si v svojem poslanstvu in vrednotah podobne. Z zdru\u017eevanjem manj\u0161ih organizacij v smiselno celoto izbrane problematike naslavljamo celovitej\u0161e, glasneje in bolj u\u010dinkovito. S skupno prijavo in koordiniranimi aktivnostmi \u017eelimo podro\u010dje mladinskih aktivnosti, prostovoljstva in problematik, ki se ve\u017eejo na mlade, nagovoriti celostno, strate\u0161ko in profesionalno.<\/p>\n<p>Povezovanje nam bo omogo\u010dilo krepitev celovite obravnave mladih, predvsem pa njihovo spremljanje in razvoj. S tem bomo naslovili potrebo po usklajeni obravnavi mladih razli\u010dnih starosti. Konzorcij naslavlja mlade \u017ee v osnovni \u0161oli, preko aktivnosti, ki jih izvajamo pri ZPM Idrija. Otroci se tako prvi\u010d sre\u010dajo z organiziranimi aktivnostmi za njihovo starostno skupino, s prostovoljstvom in prispevanjem v lokalno skupnost. V Mladinskem centru Idrija pripravljajo programe za srednje\u0161olce in starej\u0161e, ki jih deloma pokriva tudi ZPM Idrija, tako da s skupnimi programi nadaljujemo z vklju\u010devanjem mladih in stremimo k njihovemu razvoju v aktivne predstavnike lokalne skupnosti. Pri ZPM Idrija tako mladi lahko postanejo vzgojitelji in izvajalci aktivnosti, v MCI-ju pa aktivisti, ki pomagajo pri na\u010drtovanju, izvedbi in evalvaciji mladinskih programov. Naslednjo starostno skupino posameznikov nato \u0161e vedno pokriva MCI, v ve\u010dji meri pa na njihove problematike za\u010dne odgovarjati dru\u0161tvo Idrija 2020 s svojim delovanjem. S povezavo v konzorcij bomo tako krepili tudi kontinuirano delo s prostovoljci in sodelovanje med prostovoljskimi organizacijami.<\/p>\n<p>S prepletajo\u010dimi se aktivnostmi bomo podrobneje naslavljali 4 podro\u010dja (bivanje, zaposlitev, participacija, kakovosten prosti \u010das), pri \u010demer bomo nagovarjali mlade med 13. in 35. letom starosti ter na 4 nivojih (strate\u0161ki, informacijski, programski, organizacijski).<\/p>\n<p><strong>Cilji projekta<\/strong><\/p>\n<ol>\n<li>[STRATE\u0160KI] Priprava nove Strategije za mlade za obdobje 2020 in 2025, v sodelovanju z Ob\u010dino Idrija.<\/li>\n<li>[INFORMACIJSKI] Dvig sledilcev informacij na razli\u010dnih spletnih platformah (Facebook, Instagram, novi\u010dnik, spletna stran) za 25 % pri vseh treh organizacijah v konzorciju.<\/li>\n<li>[PROGRAMSKI] Na vsakem programskem podro\u010dju (bivanje, zaposlitev, participacija, kakovostni prosti \u010das) izvedene vsaj 3 aktivnosti letno.<\/li>\n<li>[ORGANIZACIJSKI] Okrepitev ve\u0161\u010din upravljanja nevladnih organizacij za 30 % na podlagi samoevalvacijskih vpra\u0161alnikov in priprava projekta za preureditev \u00bbmladinskega\u00ab objekta z namenom krepitve nevladnega sektorja.<\/li>\n<\/ol>\n<p><strong>Partnerji v projektu:<\/strong> Zveza dru\u0161tev Mladinski center Idrija, dru\u0161tvo Idrija 2020, ZPM Idrija<a href=\"https:\/\/www.zpm-idrija.si\/wp-content\/uploads\/2019\/11\/PhotoGrid_1574082450647.jpg\"><img loading=\"lazy\" decoding=\"async\" class=\"aligncenter wp-image-1542 \" src=\"https:\/\/www.zpm-idrija.si\/wp-content\/uploads\/2019\/11\/PhotoGrid_1574082450647-1024x536.jpg\" alt=\"\" width=\"509\" height=\"267\" srcset=\"https:\/\/www.zpm-idrija.si\/wp-content\/uploads\/2019\/11\/PhotoGrid_1574082450647-1024x536.jpg 1024w, https:\/\/www.zpm-idrija.si\/wp-content\/uploads\/2019\/11\/PhotoGrid_1574082450647-300x157.jpg 300w, https:\/\/www.zpm-idrija.si\/wp-content\/uploads\/2019\/11\/PhotoGrid_1574082450647-768x402.jpg 768w, https:\/\/www.zpm-idrija.si\/wp-content\/uploads\/2019\/11\/PhotoGrid_1574082450647.jpg 1376w\" sizes=\"auto, (max-width: 509px) 100vw, 509px\" \/><\/a><strong>Pridru\u017eeni partnerji:<\/strong> Osnovna \u0161ola Idrija, Gimnazija Jurija Vege Idrija, Ob\u010dina Idrija<\/p>\n<p><strong>Trajanje projekta:<\/strong> 1. 11. 2019 \u2013 31. 1. 2022<\/p>\n<p><strong>Vrednost operacije:<\/strong> 150.000 EUR<\/p>\n<p><strong>Ve\u010d:<\/strong> <a href=\"https:\/\/www.gov.si\/zbirke\/javne-objave\/javni-razpis-za-razvoj-in-profesionalizacijo-nvo-in-prostovoljstva-2019\/\"><span style=\"color: #00ccff;\">Javni razpis za razvoj in profesionalizacijo NVO in prostovoljstva 2019<\/span><\/a><\/p>\n<p><a href=\"https:\/\/www.zpm-idrija.si\/wp-content\/uploads\/2019\/11\/ministrstvo-za-javno-upravo-rs.jpg\"><img loading=\"lazy\" decoding=\"async\" class=\"aligncenter size-full wp-image-1532\" src=\"https:\/\/www.zpm-idrija.si\/wp-content\/uploads\/2019\/11\/ministrstvo-za-javno-upravo-rs.jpg\" alt=\"\" width=\"816\" height=\"152\" srcset=\"https:\/\/www.zpm-idrija.si\/wp-content\/uploads\/2019\/11\/ministrstvo-za-javno-upravo-rs.jpg 816w, https:\/\/www.zpm-idrija.si\/wp-content\/uploads\/2019\/11\/ministrstvo-za-javno-upravo-rs-300x56.jpg 300w, https:\/\/www.zpm-idrija.si\/wp-content\/uploads\/2019\/11\/ministrstvo-za-javno-upravo-rs-768x143.jpg 768w\" sizes=\"auto, (max-width: 767px) 89vw, (max-width: 1000px) 54vw, (max-width: 1071px) 543px, 580px\" \/><\/a><\/p>\n","protected":false},"excerpt":{"rendered":"<p>ZAKLJU\u010cENO! Ministrstvo za javno upravo Republike Slovenije je objavilo razpis\u00a0 Razvoj in profesionalizacija nevladnih organizacij in prostovoljstva 2019, na katerega smo se s projektom Povezovanje = trajnost,\u00a0v sodelovanju z Mladinskim centrom Idrija in dru\u0161tvom Idrija 2020, uspe\u0161no prijavili. \u00a0Predmet javnega razpisa je sofinanciranje trajnostno naravnanih delovnih mest, ki prispevajo k razvoju in profesionalizaciji nevladnih organizacij &hellip; <\/p>\n<p class=\"link-more\"><a href=\"https:\/\/www.zpm-idrija.si\/?page_id=1526\" class=\"more-link\">Preberi ve\u010d<span class=\"screen-reader-text\"> &#8220;Povezovanje = trajnost&#8221;<\/span><\/a><\/p>\n","protected":false},"author":1,"featured_media":0,"parent":1523,"menu_order":2,"comment_status":"closed","ping_status":"closed","template":"","meta":{"footnotes":""},"class_list":["post-1526","page","type-page","status-publish","hentry"],"_links":{"self":[{"href":"https:\/\/www.zpm-idrija.si\/index.php?rest_route=\/wp\/v2\/pages\/1526","targetHints":{"allow":["GET"]}}],"collection":[{"href":"https:\/\/www.zpm-idrija.si\/index.php?rest_route=\/wp\/v2\/pages"}],"about":[{"href":"https:\/\/www.zpm-idrija.si\/index.php?rest_route=\/wp\/v2\/types\/page"}],"author":[{"embeddable":true,"href":"https:\/\/www.zpm-idrija.si\/index.php?rest_route=\/wp\/v2\/users\/1"}],"replies":[{"embeddable":true,"href":"https:\/\/www.zpm-idrija.si\/index.php?rest_route=%2Fwp%2Fv2%2Fcomments&post=1526"}],"version-history":[{"count":10,"href":"https:\/\/www.zpm-idrija.si\/index.php?rest_route=\/wp\/v2\/pages\/1526\/revisions"}],"predecessor-version":[{"id":4023,"href":"https:\/\/www.zpm-idrija.si\/index.php?rest_route=\/wp\/v2\/pages\/1526\/revisions\/4023"}],"up":[{"embeddable":true,"href":"https:\/\/www.zpm-idrija.si\/index.php?rest_route=\/wp\/v2\/pages\/1523"}],"wp:attachment":[{"href":"https:\/\/www.zpm-idrija.si\/index.php?rest_route=%2Fwp%2Fv2%2Fmedia&parent=1526"}],"curies":[{"name":"wp","href":"https:\/\/api.w.org\/{rel}","templated":true}]}}