{"id":117,"date":"2018-06-07T12:52:12","date_gmt":"2018-06-07T11:52:12","guid":{"rendered":"http:\/\/www.zpm-idrija.si\/?page_id=117"},"modified":"2026-03-25T11:50:35","modified_gmt":"2026-03-25T10:50:35","slug":"o-zpm-idrija","status":"publish","type":"page","link":"https:\/\/www.zpm-idrija.si\/?page_id=117","title":{"rendered":"O ZPM Idrija"},"content":{"rendered":"<p><strong>Zveza prijateljev mladine Idrija je nevladna, samostojna, humanitarna, prostovoljna in nepridobitna dru\u0161tvena organizacija, ki deluje v dobro otrok, mladostnikov, star\u0161ev in dru\u017ein.\u00a0Deluje \u017ee od leta 1954.\u00a0<\/strong><\/p>\n<p>Temeljni cilji delovanja so dvig kakovosti \u017eivljenja otrok, mladostnikov in dru\u017ein, zastopanje in uveljavljanje njihovih interesov in potreb ter za\u0161\u010dita njihovih pravic. ZPM Idrija svoj namen dosega z:<\/p>\n<ul>\n<li>uveljavljanjem, za\u0161\u010dito in zastopanjem otrokovih pravic, pravic star\u0161ev in dru\u017eine,<\/li>\n<li>nudenjem telefonskih nasvetov in informacij otrokom in mladostnikom z nacionalno mre\u017eo telefona otrok in mladostnikov (TOM),<\/li>\n<li>zagotavljanjem mo\u017enosti predstavitve interesov, potreb in stali\u0161\u010d otrok in mladostnikov na lokalnih, ob\u010dinskih in nacionalnih otro\u0161kih parlamentih ter njihovim zastopanjem,<\/li>\n<li>zagotavljanjem kakovostnega pre\u017eivljanja prostega \u010dasa otrok, mladostnikov in dru\u017eine,<\/li>\n<li>zagotavljanjem pogojev za kulturno do\u017eivljanje in ustvarjalno izra\u017eanje otrok in mladostnikov,<\/li>\n<li>dvigom bralne kulture otrok in mladostnikov,<\/li>\n<li>razvijanjem raziskovalnega, ustvarjalnega dela mladih,<\/li>\n<li>zagotavljanjem pogojev za letovanja otrok in mladostnikov,<\/li>\n<li>spodbujanjem zdravega \u017eivljenja in varnega okolja ter humanih med\u010dlov\u0161kih odnosov,<\/li>\n<li>organiziranjem humanitarne pomo\u010di otrokom in mladostnikom,<\/li>\n<li>izobra\u017eevanjem star\u0161ev, mentorjev in animatorjev razli\u010dnih oblik dela z otroki in mladino,<\/li>\n<li>izdajanjem informativnega gradiva,<\/li>\n<li>vzpodbujanjem in povezovanjem med razli\u010dnimi generacijami,<\/li>\n<li>seznanjanjem \u0161ir\u0161e javnosti o potrebnosti dela z mladimi,<\/li>\n<li>razvijanjem prostovoljnega in socialno preventivnega dela v organizaciji.<\/li>\n<\/ul>\n<h2><strong>ORGANIZIRANOST ZPM IDRIJA<\/strong><\/h2>\n<p><strong>Upravni odbor ZPM Idrija sestavljajo:<\/strong><\/p>\n<ul>\n<li><em>predsednica,<\/em><\/li>\n<li><em>podpredsednica,<\/em><\/li>\n<li><em>sekretarka,<\/em><\/li>\n<li><em>pet predstavnikov \u010dlanov ZPM Idrija,\u00a0<\/em><\/li>\n<li><em>en predstavnik prostovoljcev ZPM Idrija.<\/em><\/li>\n<\/ul>\n<p><strong>Predsedstvo Zveze prijateljev mladine Idrija:<\/strong><\/p>\n<p>Anja Velikonja (predsednica),<\/p>\n<p>Tina Svetlik (podpredsednica),<\/p>\n<p>Petra Likar (sekretarka).<\/p>\n<p><strong>Nadzorni odbor Zveze prijateljev mladine Idrija:<\/strong><\/p>\n<p>Lidija Kleindienst (predsednica)<\/p>\n<p>Mojca Gnezda (\u010dlanica)<\/p>\n<p>Mira Rejec (\u010dlanica)<\/p>\n<p><strong>Temeljna oblika organiziranosti so dru\u0161tva prijateljev mladine<\/strong>:<\/p>\n<ul>\n<li>Dru\u0161tvo prijateljev mladine Spodnja Idrija (predsednica Tina Menard),<\/li>\n<li>Dru\u0161tvo prijateljev mladine \u010crni Vrh (predsednica Andrejka Bizjak),<\/li>\n<li>Dru\u0161tvo prijateljev mladine Cerkno (predsednica Alenka Lahajnar).<\/li>\n<\/ul>\n<p><strong>Stalne oblike delovanja so:<\/strong><\/p>\n<ul>\n<li>Odbor za sodelovanje s star\u0161i in dru\u017eino (predsednica Sabina Vidmar),<\/li>\n<li>Odbor za TOM telefon za otroke in mladostnike v stiski (predsednik Nace Breitenberger),<\/li>\n<li>Odbor za organizacijo Veselega decembra (predsednica Zdenka Ogri\u010d),<\/li>\n<li>Komisija za letovanja (predsednica Anja Velikonja),<\/li>\n<li>Odbor za prosti \u010das (Monika Lapajne).<\/li>\n<\/ul>\n<p>&nbsp;<\/p>\n\n\n<div class=\"wp-block-buttons is-content-justification-center is-layout-flex wp-container-core-buttons-is-layout-16018d1d wp-block-buttons-is-layout-flex\">\n<div class=\"wp-block-button\"><a class=\"wp-block-button__link wp-element-button\" href=\"https:\/\/www.zpm-idrija.si\/wp-content\/uploads\/2026\/03\/Vsebinsko-porocilo-ZPM-2025.pdf\">VSEBINSKO PORO\u010cILO za leto 2025<\/a><\/div>\n<\/div>\n\n\n\n<div class=\"wp-block-buttons is-content-justification-center is-layout-flex wp-container-core-buttons-is-layout-16018d1d wp-block-buttons-is-layout-flex\">\n<div class=\"wp-block-button\"><a class=\"wp-block-button__link wp-element-button\" href=\"https:\/\/www.zpm-idrija.si\/wp-content\/uploads\/2026\/03\/Financna-realizacija-ZPM-2025-plan-2026.pdf\">FINAN\u010cNO PORO\u010cILO za leto 2025<\/a><\/div>\n<\/div>\n\n\n\n<div class=\"wp-block-buttons is-content-justification-center is-layout-flex wp-container-core-buttons-is-layout-16018d1d wp-block-buttons-is-layout-flex\">\n<div class=\"wp-block-button\"><a class=\"wp-block-button__link wp-element-button\" href=\"https:\/\/www.zpm-idrija.si\/wp-content\/uploads\/2026\/03\/Plan-dela-ZPM-2026-in-2027.pdf\">PLAN DELA za leto 2026 in 2027<\/a><\/div>\n<\/div>\n\n\n\n<p><\/p>\n","protected":false},"excerpt":{"rendered":"<p>Zveza prijateljev mladine Idrija je nevladna, samostojna, humanitarna, prostovoljna in nepridobitna dru\u0161tvena organizacija, ki deluje v dobro otrok, mladostnikov, star\u0161ev in dru\u017ein.\u00a0Deluje \u017ee od leta 1954.\u00a0 Temeljni cilji delovanja so dvig kakovosti \u017eivljenja otrok, mladostnikov in dru\u017ein, zastopanje in uveljavljanje njihovih interesov in potreb ter za\u0161\u010dita njihovih pravic. ZPM Idrija svoj namen dosega z: uveljavljanjem, &hellip; <\/p>\n<p class=\"link-more\"><a href=\"https:\/\/www.zpm-idrija.si\/?page_id=117\" class=\"more-link\">Preberi ve\u010d<span class=\"screen-reader-text\"> &#8220;O ZPM Idrija&#8221;<\/span><\/a><\/p>\n","protected":false},"author":1,"featured_media":0,"parent":0,"menu_order":1,"comment_status":"closed","ping_status":"closed","template":"","meta":{"footnotes":""},"class_list":["post-117","page","type-page","status-publish","hentry"],"_links":{"self":[{"href":"https:\/\/www.zpm-idrija.si\/index.php?rest_route=\/wp\/v2\/pages\/117","targetHints":{"allow":["GET"]}}],"collection":[{"href":"https:\/\/www.zpm-idrija.si\/index.php?rest_route=\/wp\/v2\/pages"}],"about":[{"href":"https:\/\/www.zpm-idrija.si\/index.php?rest_route=\/wp\/v2\/types\/page"}],"author":[{"embeddable":true,"href":"https:\/\/www.zpm-idrija.si\/index.php?rest_route=\/wp\/v2\/users\/1"}],"replies":[{"embeddable":true,"href":"https:\/\/www.zpm-idrija.si\/index.php?rest_route=%2Fwp%2Fv2%2Fcomments&post=117"}],"version-history":[{"count":16,"href":"https:\/\/www.zpm-idrija.si\/index.php?rest_route=\/wp\/v2\/pages\/117\/revisions"}],"predecessor-version":[{"id":5568,"href":"https:\/\/www.zpm-idrija.si\/index.php?rest_route=\/wp\/v2\/pages\/117\/revisions\/5568"}],"wp:attachment":[{"href":"https:\/\/www.zpm-idrija.si\/index.php?rest_route=%2Fwp%2Fv2%2Fmedia&parent=117"}],"curies":[{"name":"wp","href":"https:\/\/api.w.org\/{rel}","templated":true}]}}